{"id":1561,"date":"2026-03-03T11:17:52","date_gmt":"2026-03-03T11:17:52","guid":{"rendered":"https:\/\/ecoo.webstyl.pl\/?post_type=product&#038;p=1561"},"modified":"2026-03-03T11:17:52","modified_gmt":"2026-03-03T11:17:52","slug":"kosz-z-platforma-traper-gst-pro-gold-d36-81303","status":"publish","type":"product","link":"https:\/\/ecoo.webstyl.pl\/?product=kosz-z-platforma-traper-gst-pro-gold-d36-81303","title":{"rendered":"Kosz z platform\u0105 Traper GST Pro GOLD D36 81303"},"content":{"rendered":"<p><strong>Kosz z platform\u0105 Traper GST Pro GOLD<\/strong><\/p>\n<ul>\n<li><strong>Waga<\/strong>: 16 kg<\/li>\n<li><strong>\u015arednica n\u00f3g<\/strong>: 36 mm<\/li>\n<li><strong>Kod<\/strong>: 81303<\/li>\n<\/ul>\n<p><strong>Kluczowe cechy kosza Traper GST Pro GOLD:<\/strong><\/p>\n<ul>\n<li><strong>Solidna konstrukcja<\/strong>: Wytrzyma\u0142e kostki, a\u017curowy podest i stabilne nogi o \u015brednicy 36 mm gwarantuj\u0105 trwa\u0142o\u015b\u0107 i niezawodno\u015b\u0107 w trudnych warunkach w\u0119dkarskich.<\/li>\n<li><strong>Komfortowe siedzisko<\/strong>: Kosz wyposa\u017cony w wygodn\u0105 poduszk\u0119 z uchwytem na dolnik w\u0119dziska, zapewniaj\u0105c komfort w\u0119dkowania przez d\u0142ugie godziny.<\/li>\n<li><strong>Wysoka stabilno\u015b\u0107<\/strong>: Zestaw zawiera sze\u015b\u0107 n\u00f3g, w tym cztery teleskopowe, kt\u00f3re mo\u017cna dostosowa\u0107 do nier\u00f3wnego terenu. Szerokie, przegubowe stopki zwi\u0119kszaj\u0105 stabilno\u015b\u0107 na r\u00f3\u017cnych nawierzchniach.<\/li>\n<li><strong>Praktyczna kaseta i szufladki<\/strong>: Kaseta wysuwana do przodu i dwie szufladki pod siedziskiem to \u015bwietne rozwi\u0105zanie do przechowywania akcesori\u00f3w i drobnych przedmiot\u00f3w.<\/li>\n<li><strong>Dopracowane detale<\/strong>: Kosz oferuje najlepsze rozwi\u0105zania techniczne dla wygody w\u0119dkuj\u0105cego, \u0142\u0105cz\u0105c funkcjonalno\u015b\u0107 z estetyk\u0105.<\/li>\n<\/ul>\n","protected":false},"excerpt":{"rendered":"<p>Kosz z platform\u0105 Traper GST Pro GOLD Waga: 16 kg \u015arednica n\u00f3g: 36 mm Kod: 81303 Kluczowe cechy kosza Traper GST Pro GOLD: Solidna konstrukcja: Wytrzyma\u0142e kostki, a\u017curowy podest i stabilne nogi o \u015brednicy 36 mm gwarantuj\u0105 trwa\u0142o\u015b\u0107 i niezawodno\u015b\u0107 w trudnych warunkach w\u0119dkarskich. Komfortowe siedzisko: Kosz wyposa\u017cony w wygodn\u0105 poduszk\u0119 z uchwytem na dolnik [&hellip;]<\/p>\n","protected":false},"featured_media":1442,"template":"","meta":{"site-sidebar-layout":"default","site-content-layout":"","ast-site-content-layout":"","site-content-style":"default","site-sidebar-style":"default","ast-global-header-display":"","ast-banner-title-visibility":"","ast-main-header-display":"","ast-hfb-above-header-display":"","ast-hfb-below-header-display":"","ast-hfb-mobile-header-display":"","site-post-title":"","ast-breadcrumbs-content":"","ast-featured-img":"","footer-sml-layout":"","theme-transparent-header-meta":"","adv-header-id-meta":"","stick-header-meta":"","header-above-stick-meta":"","header-main-stick-meta":"","header-below-stick-meta":"","astra-migrate-meta-layouts":"default","ast-page-background-enabled":"default","ast-page-background-meta":{"desktop":{"background-color":"var(--ast-global-color-4)","background-image":"","background-repeat":"repeat","background-position":"center center","background-size":"auto","background-attachment":"scroll","background-type":"","background-media":"","overlay-type":"","overlay-color":"","overlay-opacity":"","overlay-gradient":""},"tablet":{"background-color":"","background-image":"","background-repeat":"repeat","background-position":"center center","background-size":"auto","background-attachment":"scroll","background-type":"","background-media":"","overlay-type":"","overlay-color":"","overlay-opacity":"","overlay-gradient":""},"mobile":{"background-color":"","background-image":"","background-repeat":"repeat","background-position":"center center","background-size":"auto","background-attachment":"scroll","background-type":"","background-media":"","overlay-type":"","overlay-color":"","overlay-opacity":"","overlay-gradient":""}},"ast-content-background-meta":{"desktop":{"background-color":"var(--ast-global-color-5)","background-image":"","background-repeat":"repeat","background-position":"center center","background-size":"auto","background-attachment":"scroll","background-type":"","background-media":"","overlay-type":"","overlay-color":"","overlay-opacity":"","overlay-gradient":""},"tablet":{"background-color":"var(--ast-global-color-5)","background-image":"","background-repeat":"repeat","background-position":"center center","background-size":"auto","background-attachment":"scroll","background-type":"","background-media":"","overlay-type":"","overlay-color":"","overlay-opacity":"","overlay-gradient":""},"mobile":{"background-color":"var(--ast-global-color-5)","background-image":"","background-repeat":"repeat","background-position":"center center","background-size":"auto","background-attachment":"scroll","background-type":"","background-media":"","overlay-type":"","overlay-color":"","overlay-opacity":"","overlay-gradient":""}}},"product_brand":[],"product_cat":[240,229],"product_tag":[],"class_list":{"0":"post-1561","1":"product","2":"type-product","3":"status-publish","4":"has-post-thumbnail","6":"product_cat-kosze","7":"product_cat-traper-gst","8":"desktop-align-center","9":"tablet-align-left","10":"mobile-align-left","12":"first","13":"instock","14":"taxable","15":"shipping-taxable","16":"purchasable","17":"product-type-simple"},"_links":{"self":[{"href":"https:\/\/ecoo.webstyl.pl\/index.php?rest_route=\/wp\/v2\/product\/1561","targetHints":{"allow":["GET"]}}],"collection":[{"href":"https:\/\/ecoo.webstyl.pl\/index.php?rest_route=\/wp\/v2\/product"}],"about":[{"href":"https:\/\/ecoo.webstyl.pl\/index.php?rest_route=\/wp\/v2\/types\/product"}],"wp:featuredmedia":[{"embeddable":true,"href":"https:\/\/ecoo.webstyl.pl\/index.php?rest_route=\/wp\/v2\/media\/1442"}],"wp:attachment":[{"href":"https:\/\/ecoo.webstyl.pl\/index.php?rest_route=%2Fwp%2Fv2%2Fmedia&parent=1561"}],"wp:term":[{"taxonomy":"product_brand","embeddable":true,"href":"https:\/\/ecoo.webstyl.pl\/index.php?rest_route=%2Fwp%2Fv2%2Fproduct_brand&post=1561"},{"taxonomy":"product_cat","embeddable":true,"href":"https:\/\/ecoo.webstyl.pl\/index.php?rest_route=%2Fwp%2Fv2%2Fproduct_cat&post=1561"},{"taxonomy":"product_tag","embeddable":true,"href":"https:\/\/ecoo.webstyl.pl\/index.php?rest_route=%2Fwp%2Fv2%2Fproduct_tag&post=1561"}],"curies":[{"name":"wp","href":"https:\/\/api.w.org\/{rel}","templated":true}]}}