{"id":1555,"date":"2026-03-03T11:17:50","date_gmt":"2026-03-03T11:17:50","guid":{"rendered":"https:\/\/ecoo.webstyl.pl\/?post_type=product&#038;p=1555"},"modified":"2026-03-03T11:48:59","modified_gmt":"2026-03-03T11:48:59","slug":"zaneta-champion-feed-wonder-black-2-kg","status":"publish","type":"product","link":"https:\/\/ecoo.webstyl.pl\/?product=zaneta-champion-feed-wonder-black-2-kg","title":{"rendered":"Zan\u0119ta Champion Feed WONDER BLACK 2 kg"},"content":{"rendered":"<p>WONDER BLACK &#8211; najbardziej popularna i uznana super-zawodnicza zan\u0119ta Champion Feed. Jej najwi\u0119kszym atutem jest to, \u017ce pod ka\u017cdym wzgl\u0119dem jest uniwersalna i zawsze skuteczna. Przyci\u0105ga leszcze, p\u0142ocie, kr\u0105pie i wszystkie inne ryby spokojnego \u017ceru. W zale\u017cno\u015bci od nawil\u017cenia i rodzaju u\u017cytej gliny, mo\u017cna zastosowa\u0107 j\u0105 w ka\u017cdym \u0142owisku. Sprawdza si\u0119 o ka\u017cdej porze roku.<\/p>\n","protected":false},"excerpt":{"rendered":"<p>WONDER BLACK &#8211; najbardziej popularna i uznana super-zawodnicza zan\u0119ta Champion Feed. Jej najwi\u0119kszym atutem jest to, \u017ce pod ka\u017cdym wzgl\u0119dem jest uniwersalna i zawsze skuteczna. Przyci\u0105ga leszcze, p\u0142ocie, kr\u0105pie i wszystkie inne ryby spokojnego \u017ceru. W zale\u017cno\u015bci od nawil\u017cenia i rodzaju u\u017cytej gliny, mo\u017cna zastosowa\u0107 j\u0105 w ka\u017cdym \u0142owisku. Sprawdza si\u0119 o ka\u017cdej porze roku.<\/p>\n","protected":false},"featured_media":1404,"template":"","meta":{"site-sidebar-layout":"default","site-content-layout":"","ast-site-content-layout":"","site-content-style":"default","site-sidebar-style":"default","ast-global-header-display":"","ast-banner-title-visibility":"","ast-main-header-display":"","ast-hfb-above-header-display":"","ast-hfb-below-header-display":"","ast-hfb-mobile-header-display":"","site-post-title":"","ast-breadcrumbs-content":"","ast-featured-img":"","footer-sml-layout":"","theme-transparent-header-meta":"","adv-header-id-meta":"","stick-header-meta":"","header-above-stick-meta":"","header-main-stick-meta":"","header-below-stick-meta":"","astra-migrate-meta-layouts":"default","ast-page-background-enabled":"default","ast-page-background-meta":{"desktop":{"background-color":"var(--ast-global-color-4)","background-image":"","background-repeat":"repeat","background-position":"center center","background-size":"auto","background-attachment":"scroll","background-type":"","background-media":"","overlay-type":"","overlay-color":"","overlay-opacity":"","overlay-gradient":""},"tablet":{"background-color":"","background-image":"","background-repeat":"repeat","background-position":"center center","background-size":"auto","background-attachment":"scroll","background-type":"","background-media":"","overlay-type":"","overlay-color":"","overlay-opacity":"","overlay-gradient":""},"mobile":{"background-color":"","background-image":"","background-repeat":"repeat","background-position":"center center","background-size":"auto","background-attachment":"scroll","background-type":"","background-media":"","overlay-type":"","overlay-color":"","overlay-opacity":"","overlay-gradient":""}},"ast-content-background-meta":{"desktop":{"background-color":"var(--ast-global-color-5)","background-image":"","background-repeat":"repeat","background-position":"center center","background-size":"auto","background-attachment":"scroll","background-type":"","background-media":"","overlay-type":"","overlay-color":"","overlay-opacity":"","overlay-gradient":""},"tablet":{"background-color":"var(--ast-global-color-5)","background-image":"","background-repeat":"repeat","background-position":"center center","background-size":"auto","background-attachment":"scroll","background-type":"","background-media":"","overlay-type":"","overlay-color":"","overlay-opacity":"","overlay-gradient":""},"mobile":{"background-color":"var(--ast-global-color-5)","background-image":"","background-repeat":"repeat","background-position":"center center","background-size":"auto","background-attachment":"scroll","background-type":"","background-media":"","overlay-type":"","overlay-color":"","overlay-opacity":"","overlay-gradient":""}}},"product_brand":[],"product_cat":[230],"product_tag":[248],"class_list":{"0":"post-1555","1":"product","2":"type-product","3":"status-publish","4":"has-post-thumbnail","6":"product_cat-champion-feed","7":"product_tag-champion-feed","8":"desktop-align-center","9":"tablet-align-left","10":"mobile-align-left","12":"first","13":"instock","14":"taxable","15":"shipping-taxable","16":"purchasable","17":"product-type-simple"},"_links":{"self":[{"href":"https:\/\/ecoo.webstyl.pl\/index.php?rest_route=\/wp\/v2\/product\/1555","targetHints":{"allow":["GET"]}}],"collection":[{"href":"https:\/\/ecoo.webstyl.pl\/index.php?rest_route=\/wp\/v2\/product"}],"about":[{"href":"https:\/\/ecoo.webstyl.pl\/index.php?rest_route=\/wp\/v2\/types\/product"}],"wp:featuredmedia":[{"embeddable":true,"href":"https:\/\/ecoo.webstyl.pl\/index.php?rest_route=\/wp\/v2\/media\/1404"}],"wp:attachment":[{"href":"https:\/\/ecoo.webstyl.pl\/index.php?rest_route=%2Fwp%2Fv2%2Fmedia&parent=1555"}],"wp:term":[{"taxonomy":"product_brand","embeddable":true,"href":"https:\/\/ecoo.webstyl.pl\/index.php?rest_route=%2Fwp%2Fv2%2Fproduct_brand&post=1555"},{"taxonomy":"product_cat","embeddable":true,"href":"https:\/\/ecoo.webstyl.pl\/index.php?rest_route=%2Fwp%2Fv2%2Fproduct_cat&post=1555"},{"taxonomy":"product_tag","embeddable":true,"href":"https:\/\/ecoo.webstyl.pl\/index.php?rest_route=%2Fwp%2Fv2%2Fproduct_tag&post=1555"}],"curies":[{"name":"wp","href":"https:\/\/api.w.org\/{rel}","templated":true}]}}