{"id":1551,"date":"2026-03-03T11:17:50","date_gmt":"2026-03-03T11:17:50","guid":{"rendered":"https:\/\/ecoo.webstyl.pl\/?post_type=product&#038;p=1551"},"modified":"2026-03-03T11:46:42","modified_gmt":"2026-03-03T11:46:42","slug":"zaneta-rive-etang-1kg","status":"publish","type":"product","link":"https:\/\/ecoo.webstyl.pl\/?product=zaneta-rive-etang-1kg","title":{"rendered":"ZAN\u0118TA RIVE ETANG 1KG"},"content":{"rendered":"<p>ETANG to doskona\u0142a zan\u0119ta na wody stoj\u0105ce. Lekka mieszanka o w\u0142a\u015bciwo\u015bciach pracuj\u0105cych. Jest uniwersalna lubiana przez wszystkie karpiowate &#8211; p\u0142ocie, leszcze, liny, karasie. Uniwersa\u0142 z najwy\u017cszej p\u00f3\u0142ki. Dzia\u0142a d\u0142ugo i powoli uwalnia sk\u0142adniki oraz robactwo. S\u0142odka mieszanka na najwy\u017cszej jako\u015bci komponentach, bardzo szybko swoj\u0105 prac\u0105 wabi ryby w pole n\u0119cenia, posiada kolendrowy aromat co czyni j\u0105 bardzo wytrawn\u0105 zawodnicz\u0105 mieszank\u0105.<\/p>\n","protected":false},"excerpt":{"rendered":"<p>ETANG to doskona\u0142a zan\u0119ta na wody stoj\u0105ce. Lekka mieszanka o w\u0142a\u015bciwo\u015bciach pracuj\u0105cych. Jest uniwersalna lubiana przez wszystkie karpiowate &#8211; p\u0142ocie, leszcze, liny, karasie. Uniwersa\u0142 z najwy\u017cszej p\u00f3\u0142ki. Dzia\u0142a d\u0142ugo i powoli uwalnia sk\u0142adniki oraz robactwo. S\u0142odka mieszanka na najwy\u017cszej jako\u015bci komponentach, bardzo szybko swoj\u0105 prac\u0105 wabi ryby w pole n\u0119cenia, posiada kolendrowy aromat co czyni [&hellip;]<\/p>\n","protected":false},"featured_media":1363,"template":"","meta":{"site-sidebar-layout":"default","site-content-layout":"","ast-site-content-layout":"","site-content-style":"default","site-sidebar-style":"default","ast-global-header-display":"","ast-banner-title-visibility":"","ast-main-header-display":"","ast-hfb-above-header-display":"","ast-hfb-below-header-display":"","ast-hfb-mobile-header-display":"","site-post-title":"","ast-breadcrumbs-content":"","ast-featured-img":"","footer-sml-layout":"","theme-transparent-header-meta":"","adv-header-id-meta":"","stick-header-meta":"","header-above-stick-meta":"","header-main-stick-meta":"","header-below-stick-meta":"","astra-migrate-meta-layouts":"default","ast-page-background-enabled":"default","ast-page-background-meta":{"desktop":{"background-color":"var(--ast-global-color-4)","background-image":"","background-repeat":"repeat","background-position":"center center","background-size":"auto","background-attachment":"scroll","background-type":"","background-media":"","overlay-type":"","overlay-color":"","overlay-opacity":"","overlay-gradient":""},"tablet":{"background-color":"","background-image":"","background-repeat":"repeat","background-position":"center center","background-size":"auto","background-attachment":"scroll","background-type":"","background-media":"","overlay-type":"","overlay-color":"","overlay-opacity":"","overlay-gradient":""},"mobile":{"background-color":"","background-image":"","background-repeat":"repeat","background-position":"center center","background-size":"auto","background-attachment":"scroll","background-type":"","background-media":"","overlay-type":"","overlay-color":"","overlay-opacity":"","overlay-gradient":""}},"ast-content-background-meta":{"desktop":{"background-color":"var(--ast-global-color-5)","background-image":"","background-repeat":"repeat","background-position":"center center","background-size":"auto","background-attachment":"scroll","background-type":"","background-media":"","overlay-type":"","overlay-color":"","overlay-opacity":"","overlay-gradient":""},"tablet":{"background-color":"var(--ast-global-color-5)","background-image":"","background-repeat":"repeat","background-position":"center center","background-size":"auto","background-attachment":"scroll","background-type":"","background-media":"","overlay-type":"","overlay-color":"","overlay-opacity":"","overlay-gradient":""},"mobile":{"background-color":"var(--ast-global-color-5)","background-image":"","background-repeat":"repeat","background-position":"center center","background-size":"auto","background-attachment":"scroll","background-type":"","background-media":"","overlay-type":"","overlay-color":"","overlay-opacity":"","overlay-gradient":""}}},"product_brand":[],"product_cat":[234],"product_tag":[247],"class_list":{"0":"post-1551","1":"product","2":"type-product","3":"status-publish","4":"has-post-thumbnail","6":"product_cat-zanety-rive","7":"product_tag-rive","8":"desktop-align-center","9":"tablet-align-left","10":"mobile-align-left","12":"first","13":"instock","14":"taxable","15":"shipping-taxable","16":"purchasable","17":"product-type-simple"},"_links":{"self":[{"href":"https:\/\/ecoo.webstyl.pl\/index.php?rest_route=\/wp\/v2\/product\/1551","targetHints":{"allow":["GET"]}}],"collection":[{"href":"https:\/\/ecoo.webstyl.pl\/index.php?rest_route=\/wp\/v2\/product"}],"about":[{"href":"https:\/\/ecoo.webstyl.pl\/index.php?rest_route=\/wp\/v2\/types\/product"}],"wp:featuredmedia":[{"embeddable":true,"href":"https:\/\/ecoo.webstyl.pl\/index.php?rest_route=\/wp\/v2\/media\/1363"}],"wp:attachment":[{"href":"https:\/\/ecoo.webstyl.pl\/index.php?rest_route=%2Fwp%2Fv2%2Fmedia&parent=1551"}],"wp:term":[{"taxonomy":"product_brand","embeddable":true,"href":"https:\/\/ecoo.webstyl.pl\/index.php?rest_route=%2Fwp%2Fv2%2Fproduct_brand&post=1551"},{"taxonomy":"product_cat","embeddable":true,"href":"https:\/\/ecoo.webstyl.pl\/index.php?rest_route=%2Fwp%2Fv2%2Fproduct_cat&post=1551"},{"taxonomy":"product_tag","embeddable":true,"href":"https:\/\/ecoo.webstyl.pl\/index.php?rest_route=%2Fwp%2Fv2%2Fproduct_tag&post=1551"}],"curies":[{"name":"wp","href":"https:\/\/api.w.org\/{rel}","templated":true}]}}