{"id":1547,"date":"2026-03-03T11:17:50","date_gmt":"2026-03-03T11:17:50","guid":{"rendered":"https:\/\/ecoo.webstyl.pl\/?post_type=product&#038;p=1547"},"modified":"2026-03-03T11:46:42","modified_gmt":"2026-03-03T11:46:42","slug":"zaneta-rive-breme-1kg","status":"publish","type":"product","link":"https:\/\/ecoo.webstyl.pl\/?product=zaneta-rive-breme-1kg","title":{"rendered":"Zan\u0119ta Rive BREME 1kg"},"content":{"rendered":"<p>Najbardziej popularna w\u015br\u00f3d leszczowych zan\u0119t od RIVE.\u00a0Zan\u0119ta RIVE BREME\u00a0zosta\u0142a stworzona do \u0142owienia z dna. Zan\u0119ta jest ci\u0119\u017cka, s\u0142odka i ma du\u017c\u0105 kleisto\u015b\u0107. Mieszanka wyr\u00f3\u017cnia si\u0119 grubymi frakcjami. Bardzo dobra na g\u0142\u0119bokie jeziora, kana\u0142y i rzeki. W swoim sk\u0142adzie zawiera tajny belgijski dodatek przypominaj\u0105cy troch\u0119 coco belge.<\/p>\n","protected":false},"excerpt":{"rendered":"<p>Najbardziej popularna w\u015br\u00f3d leszczowych zan\u0119t od RIVE.\u00a0Zan\u0119ta RIVE BREME\u00a0zosta\u0142a stworzona do \u0142owienia z dna. Zan\u0119ta jest ci\u0119\u017cka, s\u0142odka i ma du\u017c\u0105 kleisto\u015b\u0107. Mieszanka wyr\u00f3\u017cnia si\u0119 grubymi frakcjami. Bardzo dobra na g\u0142\u0119bokie jeziora, kana\u0142y i rzeki. W swoim sk\u0142adzie zawiera tajny belgijski dodatek przypominaj\u0105cy troch\u0119 coco belge.<\/p>\n","protected":false},"featured_media":1369,"template":"","meta":{"site-sidebar-layout":"default","site-content-layout":"","ast-site-content-layout":"","site-content-style":"default","site-sidebar-style":"default","ast-global-header-display":"","ast-banner-title-visibility":"","ast-main-header-display":"","ast-hfb-above-header-display":"","ast-hfb-below-header-display":"","ast-hfb-mobile-header-display":"","site-post-title":"","ast-breadcrumbs-content":"","ast-featured-img":"","footer-sml-layout":"","theme-transparent-header-meta":"","adv-header-id-meta":"","stick-header-meta":"","header-above-stick-meta":"","header-main-stick-meta":"","header-below-stick-meta":"","astra-migrate-meta-layouts":"default","ast-page-background-enabled":"default","ast-page-background-meta":{"desktop":{"background-color":"var(--ast-global-color-4)","background-image":"","background-repeat":"repeat","background-position":"center center","background-size":"auto","background-attachment":"scroll","background-type":"","background-media":"","overlay-type":"","overlay-color":"","overlay-opacity":"","overlay-gradient":""},"tablet":{"background-color":"","background-image":"","background-repeat":"repeat","background-position":"center center","background-size":"auto","background-attachment":"scroll","background-type":"","background-media":"","overlay-type":"","overlay-color":"","overlay-opacity":"","overlay-gradient":""},"mobile":{"background-color":"","background-image":"","background-repeat":"repeat","background-position":"center center","background-size":"auto","background-attachment":"scroll","background-type":"","background-media":"","overlay-type":"","overlay-color":"","overlay-opacity":"","overlay-gradient":""}},"ast-content-background-meta":{"desktop":{"background-color":"var(--ast-global-color-5)","background-image":"","background-repeat":"repeat","background-position":"center center","background-size":"auto","background-attachment":"scroll","background-type":"","background-media":"","overlay-type":"","overlay-color":"","overlay-opacity":"","overlay-gradient":""},"tablet":{"background-color":"var(--ast-global-color-5)","background-image":"","background-repeat":"repeat","background-position":"center center","background-size":"auto","background-attachment":"scroll","background-type":"","background-media":"","overlay-type":"","overlay-color":"","overlay-opacity":"","overlay-gradient":""},"mobile":{"background-color":"var(--ast-global-color-5)","background-image":"","background-repeat":"repeat","background-position":"center center","background-size":"auto","background-attachment":"scroll","background-type":"","background-media":"","overlay-type":"","overlay-color":"","overlay-opacity":"","overlay-gradient":""}}},"product_brand":[],"product_cat":[234],"product_tag":[247],"class_list":{"0":"post-1547","1":"product","2":"type-product","3":"status-publish","4":"has-post-thumbnail","6":"product_cat-zanety-rive","7":"product_tag-rive","8":"desktop-align-center","9":"tablet-align-left","10":"mobile-align-left","12":"first","13":"instock","14":"taxable","15":"shipping-taxable","16":"purchasable","17":"product-type-simple"},"_links":{"self":[{"href":"https:\/\/ecoo.webstyl.pl\/index.php?rest_route=\/wp\/v2\/product\/1547","targetHints":{"allow":["GET"]}}],"collection":[{"href":"https:\/\/ecoo.webstyl.pl\/index.php?rest_route=\/wp\/v2\/product"}],"about":[{"href":"https:\/\/ecoo.webstyl.pl\/index.php?rest_route=\/wp\/v2\/types\/product"}],"wp:featuredmedia":[{"embeddable":true,"href":"https:\/\/ecoo.webstyl.pl\/index.php?rest_route=\/wp\/v2\/media\/1369"}],"wp:attachment":[{"href":"https:\/\/ecoo.webstyl.pl\/index.php?rest_route=%2Fwp%2Fv2%2Fmedia&parent=1547"}],"wp:term":[{"taxonomy":"product_brand","embeddable":true,"href":"https:\/\/ecoo.webstyl.pl\/index.php?rest_route=%2Fwp%2Fv2%2Fproduct_brand&post=1547"},{"taxonomy":"product_cat","embeddable":true,"href":"https:\/\/ecoo.webstyl.pl\/index.php?rest_route=%2Fwp%2Fv2%2Fproduct_cat&post=1547"},{"taxonomy":"product_tag","embeddable":true,"href":"https:\/\/ecoo.webstyl.pl\/index.php?rest_route=%2Fwp%2Fv2%2Fproduct_tag&post=1547"}],"curies":[{"name":"wp","href":"https:\/\/api.w.org\/{rel}","templated":true}]}}