{"id":1543,"date":"2026-03-03T11:17:50","date_gmt":"2026-03-03T11:17:50","guid":{"rendered":"https:\/\/ecoo.webstyl.pl\/?post_type=product&#038;p=1543"},"modified":"2026-03-03T11:19:37","modified_gmt":"2026-03-03T11:19:37","slug":"zaneta-magic-clasic-1-kg","status":"publish","type":"product","link":"https:\/\/ecoo.webstyl.pl\/?product=zaneta-magic-clasic-1-kg","title":{"rendered":"Zan\u0119ta MAGIC CLASIC 1 kg"},"content":{"rendered":"<div dir=\"auto\">\n<div dir=\"auto\">\n<div dir=\"auto\">\n<div dir=\"auto\">\n<p><strong>Magic Classic<\/strong> to wysokiej jako\u015bci, uniwersalna mieszanka zan\u0119towa, kt\u00f3ra wyr\u00f3\u017cnia si\u0119 swoj\u0105 zr\u00f3wnowa\u017con\u0105 kompozycj\u0105 i wyj\u0105tkow\u0105 jako\u015bci\u0105. Ten \u015brednio ci\u0119\u017cki mix \u0142\u0105czy ekskluzywne m\u0105ki z delikatn\u0105, s\u0142odkaw\u0105 nut\u0105 kukurydzy, jednocze\u015bnie \u015bwiadomie rezygnuj\u0105c z dodatkowych aromat\u00f3w. Dzi\u0119ki temu zan\u0119ta pozostaje elastyczna i mo\u017ce by\u0107 idealnie dostosowana do indywidualnych potrzeb ka\u017cdego w\u0119dkarza.<\/p>\n<p><strong>Wskaz\u00f3wka:<\/strong><\/p>\n<ul>\n<li><strong>1 cz\u0119\u015b\u0107 Roach + 1 cz\u0119\u015b\u0107 Magic + 30% czarnej ziemi<\/strong> \u2013 idealny mix na p\u0142ocie.<\/li>\n<li><strong>1 cz\u0119\u015b\u0107 Bream + 2 cz\u0119\u015bci Magic + do 50% gliny<\/strong> \u2013 doskona\u0142y mix na leszcze.<\/li>\n<\/ul>\n<\/div>\n<\/div>\n<\/div>\n<\/div>\n","protected":false},"excerpt":{"rendered":"<p>Magic Classic to wysokiej jako\u015bci, uniwersalna mieszanka zan\u0119towa, kt\u00f3ra wyr\u00f3\u017cnia si\u0119 swoj\u0105 zr\u00f3wnowa\u017con\u0105 kompozycj\u0105 i wyj\u0105tkow\u0105 jako\u015bci\u0105. Ten \u015brednio ci\u0119\u017cki mix \u0142\u0105czy ekskluzywne m\u0105ki z delikatn\u0105, s\u0142odkaw\u0105 nut\u0105 kukurydzy, jednocze\u015bnie \u015bwiadomie rezygnuj\u0105c z dodatkowych aromat\u00f3w. Dzi\u0119ki temu zan\u0119ta pozostaje elastyczna i mo\u017ce by\u0107 idealnie dostosowana do indywidualnych potrzeb ka\u017cdego w\u0119dkarza. Wskaz\u00f3wka: 1 cz\u0119\u015b\u0107 Roach + [&hellip;]<\/p>\n","protected":false},"featured_media":1152,"template":"","meta":{"site-sidebar-layout":"default","site-content-layout":"","ast-site-content-layout":"","site-content-style":"default","site-sidebar-style":"default","ast-global-header-display":"","ast-banner-title-visibility":"","ast-main-header-display":"","ast-hfb-above-header-display":"","ast-hfb-below-header-display":"","ast-hfb-mobile-header-display":"","site-post-title":"","ast-breadcrumbs-content":"","ast-featured-img":"","footer-sml-layout":"","theme-transparent-header-meta":"","adv-header-id-meta":"","stick-header-meta":"","header-above-stick-meta":"","header-main-stick-meta":"","header-below-stick-meta":"","astra-migrate-meta-layouts":"default","ast-page-background-enabled":"default","ast-page-background-meta":{"desktop":{"background-color":"var(--ast-global-color-4)","background-image":"","background-repeat":"repeat","background-position":"center center","background-size":"auto","background-attachment":"scroll","background-type":"","background-media":"","overlay-type":"","overlay-color":"","overlay-opacity":"","overlay-gradient":""},"tablet":{"background-color":"","background-image":"","background-repeat":"repeat","background-position":"center center","background-size":"auto","background-attachment":"scroll","background-type":"","background-media":"","overlay-type":"","overlay-color":"","overlay-opacity":"","overlay-gradient":""},"mobile":{"background-color":"","background-image":"","background-repeat":"repeat","background-position":"center center","background-size":"auto","background-attachment":"scroll","background-type":"","background-media":"","overlay-type":"","overlay-color":"","overlay-opacity":"","overlay-gradient":""}},"ast-content-background-meta":{"desktop":{"background-color":"var(--ast-global-color-5)","background-image":"","background-repeat":"repeat","background-position":"center center","background-size":"auto","background-attachment":"scroll","background-type":"","background-media":"","overlay-type":"","overlay-color":"","overlay-opacity":"","overlay-gradient":""},"tablet":{"background-color":"var(--ast-global-color-5)","background-image":"","background-repeat":"repeat","background-position":"center center","background-size":"auto","background-attachment":"scroll","background-type":"","background-media":"","overlay-type":"","overlay-color":"","overlay-opacity":"","overlay-gradient":""},"mobile":{"background-color":"var(--ast-global-color-5)","background-image":"","background-repeat":"repeat","background-position":"center center","background-size":"auto","background-attachment":"scroll","background-type":"","background-media":"","overlay-type":"","overlay-color":"","overlay-opacity":"","overlay-gradient":""}}},"product_brand":[],"product_cat":[15,224],"product_tag":[246],"class_list":{"0":"post-1543","1":"product","2":"type-product","3":"status-publish","4":"has-post-thumbnail","6":"product_cat-bez-kategorii","7":"product_cat-zanety","8":"product_tag-ecosfishing123","9":"desktop-align-center","10":"tablet-align-left","11":"mobile-align-left","13":"first","14":"instock","15":"taxable","16":"shipping-taxable","17":"purchasable","18":"product-type-simple"},"_links":{"self":[{"href":"https:\/\/ecoo.webstyl.pl\/index.php?rest_route=\/wp\/v2\/product\/1543","targetHints":{"allow":["GET"]}}],"collection":[{"href":"https:\/\/ecoo.webstyl.pl\/index.php?rest_route=\/wp\/v2\/product"}],"about":[{"href":"https:\/\/ecoo.webstyl.pl\/index.php?rest_route=\/wp\/v2\/types\/product"}],"wp:featuredmedia":[{"embeddable":true,"href":"https:\/\/ecoo.webstyl.pl\/index.php?rest_route=\/wp\/v2\/media\/1152"}],"wp:attachment":[{"href":"https:\/\/ecoo.webstyl.pl\/index.php?rest_route=%2Fwp%2Fv2%2Fmedia&parent=1543"}],"wp:term":[{"taxonomy":"product_brand","embeddable":true,"href":"https:\/\/ecoo.webstyl.pl\/index.php?rest_route=%2Fwp%2Fv2%2Fproduct_brand&post=1543"},{"taxonomy":"product_cat","embeddable":true,"href":"https:\/\/ecoo.webstyl.pl\/index.php?rest_route=%2Fwp%2Fv2%2Fproduct_cat&post=1543"},{"taxonomy":"product_tag","embeddable":true,"href":"https:\/\/ecoo.webstyl.pl\/index.php?rest_route=%2Fwp%2Fv2%2Fproduct_tag&post=1543"}],"curies":[{"name":"wp","href":"https:\/\/api.w.org\/{rel}","templated":true}]}}