{"id":1541,"date":"2026-03-03T11:17:50","date_gmt":"2026-03-03T11:17:50","guid":{"rendered":"https:\/\/ecoo.webstyl.pl\/?post_type=product&#038;p=1541"},"modified":"2026-03-03T11:19:37","modified_gmt":"2026-03-03T11:19:37","slug":"zaneta-bream-dark-1-kg","status":"publish","type":"product","link":"https:\/\/ecoo.webstyl.pl\/?product=zaneta-bream-dark-1-kg","title":{"rendered":"Zan\u0119ta BREAM DARK 1 kg"},"content":{"rendered":"<p>leszczowy &#8222;must have&#8221;<br \/>\nBREAM to \u015brednio ci\u0119\u017cka, dobrze klej\u0105ca si\u0119 zan\u0119ta, kt\u00f3ra skutecznie przyci\u0105ga zar\u00f3wno ma\u0142e jak i du\u017ce leszcze, zach\u0119caj\u0105c je do \u017cerowania.<br \/>\nCharakteryzuje si\u0119 naturalnym, przyjemnym, s\u0142odkawo-ciasteczkowym zapachem, kt\u00f3ry skutecznie wabi ryby w miejsce po\u0142owu.<br \/>\nWszystkie sk\u0142adniki tej mieszanki pochodz\u0105 z naturalnych surowc\u00f3w i starannie dobranych m\u0105czek. Przepis, oparty jest na s\u0142odkim biszkopcie i egzotycznej m\u0105ce kukurydzianej, zosta\u0142 opracowany przed laty i od tego czasu sta\u0142 si\u0119 nasz\u0105 standardow\u0105 zan\u0119t\u0105 na leszcze.<br \/>\nZanakomicie nadaje si\u0119 na Muliste dna, po\u0142\u0105czona z Ziemi\u0105 torfow\u0105 utworzy atrakcyjny plac na dnie, dla podania przynet w centrum \u0142owienia.<br \/>\nWyst\u0119puje w dw\u00f3ch wersjach naturalnej i ciemnej (DARK).<\/p>\n","protected":false},"excerpt":{"rendered":"<p>leszczowy &#8222;must have&#8221; BREAM to \u015brednio ci\u0119\u017cka, dobrze klej\u0105ca si\u0119 zan\u0119ta, kt\u00f3ra skutecznie przyci\u0105ga zar\u00f3wno ma\u0142e jak i du\u017ce leszcze, zach\u0119caj\u0105c je do \u017cerowania. Charakteryzuje si\u0119 naturalnym, przyjemnym, s\u0142odkawo-ciasteczkowym zapachem, kt\u00f3ry skutecznie wabi ryby w miejsce po\u0142owu. Wszystkie sk\u0142adniki tej mieszanki pochodz\u0105 z naturalnych surowc\u00f3w i starannie dobranych m\u0105czek. Przepis, oparty jest na s\u0142odkim biszkopcie [&hellip;]<\/p>\n","protected":false},"featured_media":1145,"template":"","meta":{"site-sidebar-layout":"default","site-content-layout":"","ast-site-content-layout":"","site-content-style":"default","site-sidebar-style":"default","ast-global-header-display":"","ast-banner-title-visibility":"","ast-main-header-display":"","ast-hfb-above-header-display":"","ast-hfb-below-header-display":"","ast-hfb-mobile-header-display":"","site-post-title":"","ast-breadcrumbs-content":"","ast-featured-img":"","footer-sml-layout":"","theme-transparent-header-meta":"","adv-header-id-meta":"","stick-header-meta":"","header-above-stick-meta":"","header-main-stick-meta":"","header-below-stick-meta":"","astra-migrate-meta-layouts":"default","ast-page-background-enabled":"default","ast-page-background-meta":{"desktop":{"background-color":"var(--ast-global-color-4)","background-image":"","background-repeat":"repeat","background-position":"center center","background-size":"auto","background-attachment":"scroll","background-type":"","background-media":"","overlay-type":"","overlay-color":"","overlay-opacity":"","overlay-gradient":""},"tablet":{"background-color":"","background-image":"","background-repeat":"repeat","background-position":"center center","background-size":"auto","background-attachment":"scroll","background-type":"","background-media":"","overlay-type":"","overlay-color":"","overlay-opacity":"","overlay-gradient":""},"mobile":{"background-color":"","background-image":"","background-repeat":"repeat","background-position":"center center","background-size":"auto","background-attachment":"scroll","background-type":"","background-media":"","overlay-type":"","overlay-color":"","overlay-opacity":"","overlay-gradient":""}},"ast-content-background-meta":{"desktop":{"background-color":"var(--ast-global-color-5)","background-image":"","background-repeat":"repeat","background-position":"center center","background-size":"auto","background-attachment":"scroll","background-type":"","background-media":"","overlay-type":"","overlay-color":"","overlay-opacity":"","overlay-gradient":""},"tablet":{"background-color":"var(--ast-global-color-5)","background-image":"","background-repeat":"repeat","background-position":"center center","background-size":"auto","background-attachment":"scroll","background-type":"","background-media":"","overlay-type":"","overlay-color":"","overlay-opacity":"","overlay-gradient":""},"mobile":{"background-color":"var(--ast-global-color-5)","background-image":"","background-repeat":"repeat","background-position":"center center","background-size":"auto","background-attachment":"scroll","background-type":"","background-media":"","overlay-type":"","overlay-color":"","overlay-opacity":"","overlay-gradient":""}}},"product_brand":[],"product_cat":[224,15],"product_tag":[246],"class_list":{"0":"post-1541","1":"product","2":"type-product","3":"status-publish","4":"has-post-thumbnail","6":"product_cat-zanety","7":"product_cat-bez-kategorii","8":"product_tag-ecosfishing123","9":"desktop-align-center","10":"tablet-align-left","11":"mobile-align-left","13":"first","14":"instock","15":"taxable","16":"shipping-taxable","17":"purchasable","18":"product-type-simple"},"_links":{"self":[{"href":"https:\/\/ecoo.webstyl.pl\/index.php?rest_route=\/wp\/v2\/product\/1541","targetHints":{"allow":["GET"]}}],"collection":[{"href":"https:\/\/ecoo.webstyl.pl\/index.php?rest_route=\/wp\/v2\/product"}],"about":[{"href":"https:\/\/ecoo.webstyl.pl\/index.php?rest_route=\/wp\/v2\/types\/product"}],"wp:featuredmedia":[{"embeddable":true,"href":"https:\/\/ecoo.webstyl.pl\/index.php?rest_route=\/wp\/v2\/media\/1145"}],"wp:attachment":[{"href":"https:\/\/ecoo.webstyl.pl\/index.php?rest_route=%2Fwp%2Fv2%2Fmedia&parent=1541"}],"wp:term":[{"taxonomy":"product_brand","embeddable":true,"href":"https:\/\/ecoo.webstyl.pl\/index.php?rest_route=%2Fwp%2Fv2%2Fproduct_brand&post=1541"},{"taxonomy":"product_cat","embeddable":true,"href":"https:\/\/ecoo.webstyl.pl\/index.php?rest_route=%2Fwp%2Fv2%2Fproduct_cat&post=1541"},{"taxonomy":"product_tag","embeddable":true,"href":"https:\/\/ecoo.webstyl.pl\/index.php?rest_route=%2Fwp%2Fv2%2Fproduct_tag&post=1541"}],"curies":[{"name":"wp","href":"https:\/\/api.w.org\/{rel}","templated":true}]}}