{"id":1533,"date":"2026-03-03T11:17:49","date_gmt":"2026-03-03T11:17:49","guid":{"rendered":"https:\/\/ecoo.webstyl.pl\/?post_type=product&#038;p=1533"},"modified":"2026-03-03T11:19:37","modified_gmt":"2026-03-03T11:19:37","slug":"atraktor-bream-lockstoff-250-g","status":"publish","type":"product","link":"https:\/\/ecoo.webstyl.pl\/?product=atraktor-bream-lockstoff-250-g","title":{"rendered":"Atraktor BREAM Lockstoff 250 g"},"content":{"rendered":"<p>Nasz klasyk! Specjalnie opracowany na wz\u00f3r belgijskich &#8221;BELGE&#8217;\u00f3w&#8221; s\u0142odki atraktor o karmelowej nucie.<\/p>\n<div>Przyci\u0105ga ryby z du\u017cych odleg\u0142o\u015bci i zach\u0119ca je do \u017cerowania. Opakowanie 250g wystarcza na 4 kg zan\u0119ty.<\/div>\n<div><\/div>\n<p><strong>Zawarto\u015b\u0107:<\/strong> 250 g.<\/p>\n","protected":false},"excerpt":{"rendered":"<p>Nasz klasyk! Specjalnie opracowany na wz\u00f3r belgijskich &#8221;BELGE&#8217;\u00f3w&#8221; s\u0142odki atraktor o karmelowej nucie. Przyci\u0105ga ryby z du\u017cych odleg\u0142o\u015bci i zach\u0119ca je do \u017cerowania. Opakowanie 250g wystarcza na 4 kg zan\u0119ty. Zawarto\u015b\u0107: 250 g.<\/p>\n","protected":false},"featured_media":1119,"template":"","meta":{"site-sidebar-layout":"default","site-content-layout":"","ast-site-content-layout":"","site-content-style":"default","site-sidebar-style":"default","ast-global-header-display":"","ast-banner-title-visibility":"","ast-main-header-display":"","ast-hfb-above-header-display":"","ast-hfb-below-header-display":"","ast-hfb-mobile-header-display":"","site-post-title":"","ast-breadcrumbs-content":"","ast-featured-img":"","footer-sml-layout":"","theme-transparent-header-meta":"","adv-header-id-meta":"","stick-header-meta":"","header-above-stick-meta":"","header-main-stick-meta":"","header-below-stick-meta":"","astra-migrate-meta-layouts":"default","ast-page-background-enabled":"default","ast-page-background-meta":{"desktop":{"background-color":"var(--ast-global-color-4)","background-image":"","background-repeat":"repeat","background-position":"center center","background-size":"auto","background-attachment":"scroll","background-type":"","background-media":"","overlay-type":"","overlay-color":"","overlay-opacity":"","overlay-gradient":""},"tablet":{"background-color":"","background-image":"","background-repeat":"repeat","background-position":"center center","background-size":"auto","background-attachment":"scroll","background-type":"","background-media":"","overlay-type":"","overlay-color":"","overlay-opacity":"","overlay-gradient":""},"mobile":{"background-color":"","background-image":"","background-repeat":"repeat","background-position":"center center","background-size":"auto","background-attachment":"scroll","background-type":"","background-media":"","overlay-type":"","overlay-color":"","overlay-opacity":"","overlay-gradient":""}},"ast-content-background-meta":{"desktop":{"background-color":"var(--ast-global-color-5)","background-image":"","background-repeat":"repeat","background-position":"center center","background-size":"auto","background-attachment":"scroll","background-type":"","background-media":"","overlay-type":"","overlay-color":"","overlay-opacity":"","overlay-gradient":""},"tablet":{"background-color":"var(--ast-global-color-5)","background-image":"","background-repeat":"repeat","background-position":"center center","background-size":"auto","background-attachment":"scroll","background-type":"","background-media":"","overlay-type":"","overlay-color":"","overlay-opacity":"","overlay-gradient":""},"mobile":{"background-color":"var(--ast-global-color-5)","background-image":"","background-repeat":"repeat","background-position":"center center","background-size":"auto","background-attachment":"scroll","background-type":"","background-media":"","overlay-type":"","overlay-color":"","overlay-opacity":"","overlay-gradient":""}}},"product_brand":[],"product_cat":[226,15],"product_tag":[246],"class_list":{"0":"post-1533","1":"product","2":"type-product","3":"status-publish","4":"has-post-thumbnail","6":"product_cat-atraktory","7":"product_cat-bez-kategorii","8":"product_tag-ecosfishing123","9":"desktop-align-center","10":"tablet-align-left","11":"mobile-align-left","13":"first","14":"instock","15":"taxable","16":"shipping-taxable","17":"purchasable","18":"product-type-simple"},"_links":{"self":[{"href":"https:\/\/ecoo.webstyl.pl\/index.php?rest_route=\/wp\/v2\/product\/1533","targetHints":{"allow":["GET"]}}],"collection":[{"href":"https:\/\/ecoo.webstyl.pl\/index.php?rest_route=\/wp\/v2\/product"}],"about":[{"href":"https:\/\/ecoo.webstyl.pl\/index.php?rest_route=\/wp\/v2\/types\/product"}],"wp:featuredmedia":[{"embeddable":true,"href":"https:\/\/ecoo.webstyl.pl\/index.php?rest_route=\/wp\/v2\/media\/1119"}],"wp:attachment":[{"href":"https:\/\/ecoo.webstyl.pl\/index.php?rest_route=%2Fwp%2Fv2%2Fmedia&parent=1533"}],"wp:term":[{"taxonomy":"product_brand","embeddable":true,"href":"https:\/\/ecoo.webstyl.pl\/index.php?rest_route=%2Fwp%2Fv2%2Fproduct_brand&post=1533"},{"taxonomy":"product_cat","embeddable":true,"href":"https:\/\/ecoo.webstyl.pl\/index.php?rest_route=%2Fwp%2Fv2%2Fproduct_cat&post=1533"},{"taxonomy":"product_tag","embeddable":true,"href":"https:\/\/ecoo.webstyl.pl\/index.php?rest_route=%2Fwp%2Fv2%2Fproduct_tag&post=1533"}],"curies":[{"name":"wp","href":"https:\/\/api.w.org\/{rel}","templated":true}]}}