{"id":1532,"date":"2026-03-03T11:17:49","date_gmt":"2026-03-03T11:17:49","guid":{"rendered":"https:\/\/ecoo.webstyl.pl\/?post_type=product&#038;p=1532"},"modified":"2026-03-03T11:19:37","modified_gmt":"2026-03-03T11:19:37","slug":"zaneta-magic-competition-1-kg","status":"publish","type":"product","link":"https:\/\/ecoo.webstyl.pl\/?product=zaneta-magic-competition-1-kg","title":{"rendered":"Zan\u0119ta MAGIC COMPETITION  1 kg"},"content":{"rendered":"<div dir=\"auto\">\n<div dir=\"auto\">\n<div dir=\"auto\">\n<div dir=\"auto\">MAGIC COMPETITION<\/div>\n<div dir=\"auto\">to efekt intensywnego rozwoju i wsp\u00f3\u0142pracy naszego klubu w 2024 roku, podczas kt\u00f3rego zesp\u00f3\u0142 starannie wybra\u0142 najlepsze sk\u0142adniki i po\u0142\u0105czy\u0142 je z naturalnymi aromatami.<\/div>\n<div dir=\"auto\">Powsta\u0142a mieszanka zan\u0119towa, specjalnie opracowana z my\u015bl\u0105 o leszczach i du\u017cych p\u0142otkach, kt\u00f3ra jest wyj\u0105tkowo skuteczna zar\u00f3wno w zimowych, jak i letnich miesi\u0105cach.<\/div>\n<div dir=\"auto\">Zan\u0119ta wyr\u00f3\u017cnia si\u0119 drobn\u0105 struktur\u0105 oraz unikalnym s\u0142odko-s\u0142onym smakiem, kt\u00f3ry doskonale wsp\u00f3\u0142gra z nut\u0105 m\u0105ki chlebowej i aromatem karmelu. Zawarto\u015b\u0107 aromatu zosta\u0142a tak dobrana, aby nie tylko przyci\u0105ga\u0142a ryby, ale tak\u017ce skutecznie utrzymywa\u0142a je w miejscu \u0142owienia.<\/div>\n<div dir=\"auto\">Magic Competition to idealny wyb\u00f3r na wody poddane du\u017cej presji w\u0119dkarskiej i wybredne ryby.<\/div>\n<div dir=\"auto\">Idealna pozycja do zastosowania w czasie rywalizacji zawodniczej.<\/div>\n<\/div>\n<\/div>\n<\/div>\n","protected":false},"excerpt":{"rendered":"<p>MAGIC COMPETITION to efekt intensywnego rozwoju i wsp\u00f3\u0142pracy naszego klubu w 2024 roku, podczas kt\u00f3rego zesp\u00f3\u0142 starannie wybra\u0142 najlepsze sk\u0142adniki i po\u0142\u0105czy\u0142 je z naturalnymi aromatami. Powsta\u0142a mieszanka zan\u0119towa, specjalnie opracowana z my\u015bl\u0105 o leszczach i du\u017cych p\u0142otkach, kt\u00f3ra jest wyj\u0105tkowo skuteczna zar\u00f3wno w zimowych, jak i letnich miesi\u0105cach. Zan\u0119ta wyr\u00f3\u017cnia si\u0119 drobn\u0105 struktur\u0105 oraz [&hellip;]<\/p>\n","protected":false},"featured_media":1081,"template":"","meta":{"site-sidebar-layout":"default","site-content-layout":"","ast-site-content-layout":"","site-content-style":"default","site-sidebar-style":"default","ast-global-header-display":"","ast-banner-title-visibility":"","ast-main-header-display":"","ast-hfb-above-header-display":"","ast-hfb-below-header-display":"","ast-hfb-mobile-header-display":"","site-post-title":"","ast-breadcrumbs-content":"","ast-featured-img":"","footer-sml-layout":"","theme-transparent-header-meta":"","adv-header-id-meta":"","stick-header-meta":"","header-above-stick-meta":"","header-main-stick-meta":"","header-below-stick-meta":"","astra-migrate-meta-layouts":"default","ast-page-background-enabled":"default","ast-page-background-meta":{"desktop":{"background-color":"var(--ast-global-color-4)","background-image":"","background-repeat":"repeat","background-position":"center center","background-size":"auto","background-attachment":"scroll","background-type":"","background-media":"","overlay-type":"","overlay-color":"","overlay-opacity":"","overlay-gradient":""},"tablet":{"background-color":"","background-image":"","background-repeat":"repeat","background-position":"center center","background-size":"auto","background-attachment":"scroll","background-type":"","background-media":"","overlay-type":"","overlay-color":"","overlay-opacity":"","overlay-gradient":""},"mobile":{"background-color":"","background-image":"","background-repeat":"repeat","background-position":"center center","background-size":"auto","background-attachment":"scroll","background-type":"","background-media":"","overlay-type":"","overlay-color":"","overlay-opacity":"","overlay-gradient":""}},"ast-content-background-meta":{"desktop":{"background-color":"var(--ast-global-color-5)","background-image":"","background-repeat":"repeat","background-position":"center center","background-size":"auto","background-attachment":"scroll","background-type":"","background-media":"","overlay-type":"","overlay-color":"","overlay-opacity":"","overlay-gradient":""},"tablet":{"background-color":"var(--ast-global-color-5)","background-image":"","background-repeat":"repeat","background-position":"center center","background-size":"auto","background-attachment":"scroll","background-type":"","background-media":"","overlay-type":"","overlay-color":"","overlay-opacity":"","overlay-gradient":""},"mobile":{"background-color":"var(--ast-global-color-5)","background-image":"","background-repeat":"repeat","background-position":"center center","background-size":"auto","background-attachment":"scroll","background-type":"","background-media":"","overlay-type":"","overlay-color":"","overlay-opacity":"","overlay-gradient":""}}},"product_brand":[],"product_cat":[224,15],"product_tag":[246],"class_list":{"0":"post-1532","1":"product","2":"type-product","3":"status-publish","4":"has-post-thumbnail","6":"product_cat-zanety","7":"product_cat-bez-kategorii","8":"product_tag-ecosfishing123","9":"desktop-align-center","10":"tablet-align-left","11":"mobile-align-left","13":"first","14":"instock","15":"taxable","16":"shipping-taxable","17":"purchasable","18":"product-type-simple"},"_links":{"self":[{"href":"https:\/\/ecoo.webstyl.pl\/index.php?rest_route=\/wp\/v2\/product\/1532","targetHints":{"allow":["GET"]}}],"collection":[{"href":"https:\/\/ecoo.webstyl.pl\/index.php?rest_route=\/wp\/v2\/product"}],"about":[{"href":"https:\/\/ecoo.webstyl.pl\/index.php?rest_route=\/wp\/v2\/types\/product"}],"wp:featuredmedia":[{"embeddable":true,"href":"https:\/\/ecoo.webstyl.pl\/index.php?rest_route=\/wp\/v2\/media\/1081"}],"wp:attachment":[{"href":"https:\/\/ecoo.webstyl.pl\/index.php?rest_route=%2Fwp%2Fv2%2Fmedia&parent=1532"}],"wp:term":[{"taxonomy":"product_brand","embeddable":true,"href":"https:\/\/ecoo.webstyl.pl\/index.php?rest_route=%2Fwp%2Fv2%2Fproduct_brand&post=1532"},{"taxonomy":"product_cat","embeddable":true,"href":"https:\/\/ecoo.webstyl.pl\/index.php?rest_route=%2Fwp%2Fv2%2Fproduct_cat&post=1532"},{"taxonomy":"product_tag","embeddable":true,"href":"https:\/\/ecoo.webstyl.pl\/index.php?rest_route=%2Fwp%2Fv2%2Fproduct_tag&post=1532"}],"curies":[{"name":"wp","href":"https:\/\/api.w.org\/{rel}","templated":true}]}}