{"id":1530,"date":"2026-03-03T11:17:49","date_gmt":"2026-03-03T11:17:49","guid":{"rendered":"https:\/\/ecoo.webstyl.pl\/?post_type=product&#038;p=1530"},"modified":"2026-03-03T11:19:37","modified_gmt":"2026-03-03T11:19:37","slug":"zaneta-roach-1-kg","status":"publish","type":"product","link":"https:\/\/ecoo.webstyl.pl\/?product=zaneta-roach-1-kg","title":{"rendered":"Zan\u0119ta ROACH  1 kg"},"content":{"rendered":"<div dir=\"auto\">\n<div dir=\"auto\">ROACH &#8211; nasza ekskluzywna mieszanka, stworzona, aby przyci\u0105gn\u0105\u0107 p\u0142ocie bezpo\u015brednio na Twoje stanowisko. Ta wysokiej jako\u015bci kompozycja z pra\u017conej m\u0105ki chlebowej i starannie dobranych sk\u0142adnik\u00f3w wyznacza nowe standardy w segmencie zan\u0119t. S\u0142odko-pikantna nuta, po\u0142\u0105czona z odrobin\u0105 kolendry, dzia\u0142a jak afrodyzjak i przyci\u0105ga ryby nawet z du\u017cych odleg\u0142o\u015bci. Ale to nie koniec sukcesu &#8211; dodatek Pastoncino sprawdzi\u0142 si\u0119 w wielu wodach. Ten sk\u0142adnik pozwala na precyzyjne \u0142owienie wi\u0119kszych egzemplarzy przy optymalnej wilgotno\u015bci zan\u0119ty. Wypr\u00f3buj polecan\u0105 przez nas mieszank\u0119 i przekonaj si\u0119, dlaczego ROACH to pierwszy wyb\u00f3r dla wyczynowych w\u0119dkarzy.<\/div>\n<div dir=\"auto\">UWAGA!<\/div>\n<div dir=\"auto\">W niekt\u00f3rych \u0142owiskach ROACH sprawdza si\u0119 przy po\u0142owie selektywnym Leszczy !!! Aby spr\u00f3bowa\u0107 tego rozwi\u0105zania nale\u017cy noc przed w\u0119dkowaniem ostro przemoczy\u0107 zan\u0119t\u0119 a nast\u0119pnie przed w\u0119dkowaniem po\u0142\u0105czy\u0107 j\u0105 z glin\u0105 i przetrze\u0107 razem ca\u0142\u0105 mieszank\u0119 przez sito.<\/div>\n<\/div>\n","protected":false},"excerpt":{"rendered":"<p>ROACH &#8211; nasza ekskluzywna mieszanka, stworzona, aby przyci\u0105gn\u0105\u0107 p\u0142ocie bezpo\u015brednio na Twoje stanowisko. Ta wysokiej jako\u015bci kompozycja z pra\u017conej m\u0105ki chlebowej i starannie dobranych sk\u0142adnik\u00f3w wyznacza nowe standardy w segmencie zan\u0119t. S\u0142odko-pikantna nuta, po\u0142\u0105czona z odrobin\u0105 kolendry, dzia\u0142a jak afrodyzjak i przyci\u0105ga ryby nawet z du\u017cych odleg\u0142o\u015bci. Ale to nie koniec sukcesu &#8211; dodatek Pastoncino [&hellip;]<\/p>\n","protected":false},"featured_media":1083,"template":"","meta":{"site-sidebar-layout":"default","site-content-layout":"","ast-site-content-layout":"","site-content-style":"default","site-sidebar-style":"default","ast-global-header-display":"","ast-banner-title-visibility":"","ast-main-header-display":"","ast-hfb-above-header-display":"","ast-hfb-below-header-display":"","ast-hfb-mobile-header-display":"","site-post-title":"","ast-breadcrumbs-content":"","ast-featured-img":"","footer-sml-layout":"","theme-transparent-header-meta":"","adv-header-id-meta":"","stick-header-meta":"","header-above-stick-meta":"","header-main-stick-meta":"","header-below-stick-meta":"","astra-migrate-meta-layouts":"default","ast-page-background-enabled":"default","ast-page-background-meta":{"desktop":{"background-color":"var(--ast-global-color-4)","background-image":"","background-repeat":"repeat","background-position":"center center","background-size":"auto","background-attachment":"scroll","background-type":"","background-media":"","overlay-type":"","overlay-color":"","overlay-opacity":"","overlay-gradient":""},"tablet":{"background-color":"","background-image":"","background-repeat":"repeat","background-position":"center center","background-size":"auto","background-attachment":"scroll","background-type":"","background-media":"","overlay-type":"","overlay-color":"","overlay-opacity":"","overlay-gradient":""},"mobile":{"background-color":"","background-image":"","background-repeat":"repeat","background-position":"center center","background-size":"auto","background-attachment":"scroll","background-type":"","background-media":"","overlay-type":"","overlay-color":"","overlay-opacity":"","overlay-gradient":""}},"ast-content-background-meta":{"desktop":{"background-color":"var(--ast-global-color-5)","background-image":"","background-repeat":"repeat","background-position":"center center","background-size":"auto","background-attachment":"scroll","background-type":"","background-media":"","overlay-type":"","overlay-color":"","overlay-opacity":"","overlay-gradient":""},"tablet":{"background-color":"var(--ast-global-color-5)","background-image":"","background-repeat":"repeat","background-position":"center center","background-size":"auto","background-attachment":"scroll","background-type":"","background-media":"","overlay-type":"","overlay-color":"","overlay-opacity":"","overlay-gradient":""},"mobile":{"background-color":"var(--ast-global-color-5)","background-image":"","background-repeat":"repeat","background-position":"center center","background-size":"auto","background-attachment":"scroll","background-type":"","background-media":"","overlay-type":"","overlay-color":"","overlay-opacity":"","overlay-gradient":""}}},"product_brand":[],"product_cat":[224,15],"product_tag":[246],"class_list":{"0":"post-1530","1":"product","2":"type-product","3":"status-publish","4":"has-post-thumbnail","6":"product_cat-zanety","7":"product_cat-bez-kategorii","8":"product_tag-ecosfishing123","9":"desktop-align-center","10":"tablet-align-left","11":"mobile-align-left","13":"first","14":"instock","15":"taxable","16":"shipping-taxable","17":"purchasable","18":"product-type-simple"},"_links":{"self":[{"href":"https:\/\/ecoo.webstyl.pl\/index.php?rest_route=\/wp\/v2\/product\/1530","targetHints":{"allow":["GET"]}}],"collection":[{"href":"https:\/\/ecoo.webstyl.pl\/index.php?rest_route=\/wp\/v2\/product"}],"about":[{"href":"https:\/\/ecoo.webstyl.pl\/index.php?rest_route=\/wp\/v2\/types\/product"}],"wp:featuredmedia":[{"embeddable":true,"href":"https:\/\/ecoo.webstyl.pl\/index.php?rest_route=\/wp\/v2\/media\/1083"}],"wp:attachment":[{"href":"https:\/\/ecoo.webstyl.pl\/index.php?rest_route=%2Fwp%2Fv2%2Fmedia&parent=1530"}],"wp:term":[{"taxonomy":"product_brand","embeddable":true,"href":"https:\/\/ecoo.webstyl.pl\/index.php?rest_route=%2Fwp%2Fv2%2Fproduct_brand&post=1530"},{"taxonomy":"product_cat","embeddable":true,"href":"https:\/\/ecoo.webstyl.pl\/index.php?rest_route=%2Fwp%2Fv2%2Fproduct_cat&post=1530"},{"taxonomy":"product_tag","embeddable":true,"href":"https:\/\/ecoo.webstyl.pl\/index.php?rest_route=%2Fwp%2Fv2%2Fproduct_tag&post=1530"}],"curies":[{"name":"wp","href":"https:\/\/api.w.org\/{rel}","templated":true}]}}