{"id":1529,"date":"2026-03-03T11:17:49","date_gmt":"2026-03-03T11:17:49","guid":{"rendered":"https:\/\/ecoo.webstyl.pl\/?post_type=product&#038;p=1529"},"modified":"2026-03-03T11:19:37","modified_gmt":"2026-03-03T11:19:37","slug":"zaneta-numero-uno-1-kg","status":"publish","type":"product","link":"https:\/\/ecoo.webstyl.pl\/?product=zaneta-numero-uno-1-kg","title":{"rendered":"Zan\u0119ta Numero Uno  1 kg"},"content":{"rendered":"<div dir=\"auto\">Ta zan\u0119ta to wizyt\u00f3wka naszej firmy. Ka\u017cdy do\u015bwiadczony w\u0119dkarz z wieloletnim sta\u017cem, kt\u00f3ry otworzy opakowanie, wypowiada nazwisko \u015bwiatowej legendy sp\u0142awika pochodz\u0105cej z Niemiec. Faktycznie, receptura powsta\u0142a ju\u017c wiele lat temu we wsp\u00f3\u0142pracy z W.R. Kremkusem.<\/div>\n<div dir=\"auto\">Wyr\u00f3\u017cnia si\u0119 delikatn\u0105 struktur\u0105 ze starannie dobranych m\u0105czek, wzbogacon\u0105 naturalnymi przyprawami. Numero Uno to nie tylko zan\u0119ta, ale zaproszenie do udanych sesji w\u0119dkarskich i zawod\u00f3w przez ca\u0142y rok. Mieszanka przyci\u0105ga wszystkie gatunki ryb bia\u0142ych, dlatego jest idealna na jeziora, jak r\u00f3wnie\u017c wolno p\u0142yn\u0105ce rzeki czy g\u0142\u0119bokie kana\u0142y.<\/div>\n<div dir=\"auto\">Numero Uno szczeg\u00f3lnie sprawdzi\u0142a si\u0119 podczas \u0142owienia skimmer\u00f3w i p\u0142oci blisko dna.<\/div>\n<div dir=\"auto\">Potrafi widocznie &#8222;wygrubi\u0107&#8221; po\u0142awiane kr\u0105pie, leszczyki czy p\u0142ocie, tak aby w warunkach zawod\u00f3w w\u0119dkarskich, gdzie wszyscy \u0142owi\u0105 podobne ryby, m\u00f3c uciec przeciwnikom dzi\u0119ki nieco lepszej wadze ryb wrzucanych do siatki.<\/div>\n","protected":false},"excerpt":{"rendered":"<p>Ta zan\u0119ta to wizyt\u00f3wka naszej firmy. Ka\u017cdy do\u015bwiadczony w\u0119dkarz z wieloletnim sta\u017cem, kt\u00f3ry otworzy opakowanie, wypowiada nazwisko \u015bwiatowej legendy sp\u0142awika pochodz\u0105cej z Niemiec. Faktycznie, receptura powsta\u0142a ju\u017c wiele lat temu we wsp\u00f3\u0142pracy z W.R. Kremkusem. Wyr\u00f3\u017cnia si\u0119 delikatn\u0105 struktur\u0105 ze starannie dobranych m\u0105czek, wzbogacon\u0105 naturalnymi przyprawami. Numero Uno to nie tylko zan\u0119ta, ale zaproszenie do [&hellip;]<\/p>\n","protected":false},"featured_media":1082,"template":"","meta":{"site-sidebar-layout":"default","site-content-layout":"","ast-site-content-layout":"","site-content-style":"default","site-sidebar-style":"default","ast-global-header-display":"","ast-banner-title-visibility":"","ast-main-header-display":"","ast-hfb-above-header-display":"","ast-hfb-below-header-display":"","ast-hfb-mobile-header-display":"","site-post-title":"","ast-breadcrumbs-content":"","ast-featured-img":"","footer-sml-layout":"","theme-transparent-header-meta":"","adv-header-id-meta":"","stick-header-meta":"","header-above-stick-meta":"","header-main-stick-meta":"","header-below-stick-meta":"","astra-migrate-meta-layouts":"default","ast-page-background-enabled":"default","ast-page-background-meta":{"desktop":{"background-color":"var(--ast-global-color-4)","background-image":"","background-repeat":"repeat","background-position":"center center","background-size":"auto","background-attachment":"scroll","background-type":"","background-media":"","overlay-type":"","overlay-color":"","overlay-opacity":"","overlay-gradient":""},"tablet":{"background-color":"","background-image":"","background-repeat":"repeat","background-position":"center center","background-size":"auto","background-attachment":"scroll","background-type":"","background-media":"","overlay-type":"","overlay-color":"","overlay-opacity":"","overlay-gradient":""},"mobile":{"background-color":"","background-image":"","background-repeat":"repeat","background-position":"center center","background-size":"auto","background-attachment":"scroll","background-type":"","background-media":"","overlay-type":"","overlay-color":"","overlay-opacity":"","overlay-gradient":""}},"ast-content-background-meta":{"desktop":{"background-color":"var(--ast-global-color-5)","background-image":"","background-repeat":"repeat","background-position":"center center","background-size":"auto","background-attachment":"scroll","background-type":"","background-media":"","overlay-type":"","overlay-color":"","overlay-opacity":"","overlay-gradient":""},"tablet":{"background-color":"var(--ast-global-color-5)","background-image":"","background-repeat":"repeat","background-position":"center center","background-size":"auto","background-attachment":"scroll","background-type":"","background-media":"","overlay-type":"","overlay-color":"","overlay-opacity":"","overlay-gradient":""},"mobile":{"background-color":"var(--ast-global-color-5)","background-image":"","background-repeat":"repeat","background-position":"center center","background-size":"auto","background-attachment":"scroll","background-type":"","background-media":"","overlay-type":"","overlay-color":"","overlay-opacity":"","overlay-gradient":""}}},"product_brand":[],"product_cat":[224,15],"product_tag":[246],"class_list":{"0":"post-1529","1":"product","2":"type-product","3":"status-publish","4":"has-post-thumbnail","6":"product_cat-zanety","7":"product_cat-bez-kategorii","8":"product_tag-ecosfishing123","9":"desktop-align-center","10":"tablet-align-left","11":"mobile-align-left","13":"first","14":"instock","15":"taxable","16":"shipping-taxable","17":"purchasable","18":"product-type-simple"},"_links":{"self":[{"href":"https:\/\/ecoo.webstyl.pl\/index.php?rest_route=\/wp\/v2\/product\/1529","targetHints":{"allow":["GET"]}}],"collection":[{"href":"https:\/\/ecoo.webstyl.pl\/index.php?rest_route=\/wp\/v2\/product"}],"about":[{"href":"https:\/\/ecoo.webstyl.pl\/index.php?rest_route=\/wp\/v2\/types\/product"}],"wp:featuredmedia":[{"embeddable":true,"href":"https:\/\/ecoo.webstyl.pl\/index.php?rest_route=\/wp\/v2\/media\/1082"}],"wp:attachment":[{"href":"https:\/\/ecoo.webstyl.pl\/index.php?rest_route=%2Fwp%2Fv2%2Fmedia&parent=1529"}],"wp:term":[{"taxonomy":"product_brand","embeddable":true,"href":"https:\/\/ecoo.webstyl.pl\/index.php?rest_route=%2Fwp%2Fv2%2Fproduct_brand&post=1529"},{"taxonomy":"product_cat","embeddable":true,"href":"https:\/\/ecoo.webstyl.pl\/index.php?rest_route=%2Fwp%2Fv2%2Fproduct_cat&post=1529"},{"taxonomy":"product_tag","embeddable":true,"href":"https:\/\/ecoo.webstyl.pl\/index.php?rest_route=%2Fwp%2Fv2%2Fproduct_tag&post=1529"}],"curies":[{"name":"wp","href":"https:\/\/api.w.org\/{rel}","templated":true}]}}