{"id":1528,"date":"2026-03-03T11:17:49","date_gmt":"2026-03-03T11:17:49","guid":{"rendered":"https:\/\/ecoo.webstyl.pl\/?post_type=product&#038;p=1528"},"modified":"2026-03-03T11:19:37","modified_gmt":"2026-03-03T11:19:37","slug":"zaneta-canal-1-kg","status":"publish","type":"product","link":"https:\/\/ecoo.webstyl.pl\/?product=zaneta-canal-1-kg","title":{"rendered":"Zan\u0119ta Canal 1 kg"},"content":{"rendered":"<p>Zan\u0119ta, kt\u00f3r\u0105 ci\u0119\u017cko jest por\u00f3wna\u0107 do \u017cadnej innej na rynku! Ma bardzo ciekawy, s\u0142odko-zio\u0142owo-korzenny aromat ci\u0119\u017cki do jednoznacznego okre\u015blenia.<br \/>\nBardzo pasywne sk\u0142adniki charakteryzuj\u0105 nasz Canal. Poniewa\u017c du\u017ce ryby, przebywaj\u0105 i \u017ceruj\u0105 bardziej na dnie, ni\u017c w toni, opracowali\u015bmy mieszank\u0119, kt\u00f3ra jest absolutnie nieaktywna. Wznosz\u0105ce si\u0119 cz\u0105stki s\u0105 tu rzadko\u015bci\u0105, dzi\u0119ki czemu ryby pozostaj\u0105 na stanowisku przy dnie. Du\u017ce ryby szczeg\u00f3lnie w miesi\u0105cach letnich d\u0142ugo przebywaj\u0105 w \u0142owisku, je\u015bli zapach, smak i zawarto\u015b\u0107 bia\u0142ka w zan\u0119cie s\u0105 odpowiednie. Na te sk\u0142adniki po\u0142o\u017cyli\u015bmy szczeg\u00f3lny nacisk w tej mieszance, a dodatek lu\u017anych przyn\u0119t, takich jak ochotki, kastery lub d\u017cd\u017cownice, zapewni rybom zawsze co\u015b co zatrzyma je na d\u0142u\u017cej w polu n\u0119cenia.<br \/>\nZan\u0119ta jest ci\u0119\u017cka, nadaje si\u0119 na ka\u017cde g\u0142\u0119bokie \u0142owisko, jeziora z wyczuwalnym dryfem, kana\u0142y czy rzeki.<br \/>\nPrzy dodatku gliny czy \u017cwiru mo\u017cna u\u017cy\u0107 j\u0105 w wartkich rzekach przy du\u017cych uci\u0105gach.<\/p>\n","protected":false},"excerpt":{"rendered":"<p>Zan\u0119ta, kt\u00f3r\u0105 ci\u0119\u017cko jest por\u00f3wna\u0107 do \u017cadnej innej na rynku! Ma bardzo ciekawy, s\u0142odko-zio\u0142owo-korzenny aromat ci\u0119\u017cki do jednoznacznego okre\u015blenia. Bardzo pasywne sk\u0142adniki charakteryzuj\u0105 nasz Canal. Poniewa\u017c du\u017ce ryby, przebywaj\u0105 i \u017ceruj\u0105 bardziej na dnie, ni\u017c w toni, opracowali\u015bmy mieszank\u0119, kt\u00f3ra jest absolutnie nieaktywna. Wznosz\u0105ce si\u0119 cz\u0105stki s\u0105 tu rzadko\u015bci\u0105, dzi\u0119ki czemu ryby pozostaj\u0105 na stanowisku [&hellip;]<\/p>\n","protected":false},"featured_media":1079,"template":"","meta":{"site-sidebar-layout":"default","site-content-layout":"","ast-site-content-layout":"","site-content-style":"default","site-sidebar-style":"default","ast-global-header-display":"","ast-banner-title-visibility":"","ast-main-header-display":"","ast-hfb-above-header-display":"","ast-hfb-below-header-display":"","ast-hfb-mobile-header-display":"","site-post-title":"","ast-breadcrumbs-content":"","ast-featured-img":"","footer-sml-layout":"","theme-transparent-header-meta":"","adv-header-id-meta":"","stick-header-meta":"","header-above-stick-meta":"","header-main-stick-meta":"","header-below-stick-meta":"","astra-migrate-meta-layouts":"default","ast-page-background-enabled":"default","ast-page-background-meta":{"desktop":{"background-color":"var(--ast-global-color-4)","background-image":"","background-repeat":"repeat","background-position":"center center","background-size":"auto","background-attachment":"scroll","background-type":"","background-media":"","overlay-type":"","overlay-color":"","overlay-opacity":"","overlay-gradient":""},"tablet":{"background-color":"","background-image":"","background-repeat":"repeat","background-position":"center center","background-size":"auto","background-attachment":"scroll","background-type":"","background-media":"","overlay-type":"","overlay-color":"","overlay-opacity":"","overlay-gradient":""},"mobile":{"background-color":"","background-image":"","background-repeat":"repeat","background-position":"center center","background-size":"auto","background-attachment":"scroll","background-type":"","background-media":"","overlay-type":"","overlay-color":"","overlay-opacity":"","overlay-gradient":""}},"ast-content-background-meta":{"desktop":{"background-color":"var(--ast-global-color-5)","background-image":"","background-repeat":"repeat","background-position":"center center","background-size":"auto","background-attachment":"scroll","background-type":"","background-media":"","overlay-type":"","overlay-color":"","overlay-opacity":"","overlay-gradient":""},"tablet":{"background-color":"var(--ast-global-color-5)","background-image":"","background-repeat":"repeat","background-position":"center center","background-size":"auto","background-attachment":"scroll","background-type":"","background-media":"","overlay-type":"","overlay-color":"","overlay-opacity":"","overlay-gradient":""},"mobile":{"background-color":"var(--ast-global-color-5)","background-image":"","background-repeat":"repeat","background-position":"center center","background-size":"auto","background-attachment":"scroll","background-type":"","background-media":"","overlay-type":"","overlay-color":"","overlay-opacity":"","overlay-gradient":""}}},"product_brand":[],"product_cat":[224,15],"product_tag":[246],"class_list":{"0":"post-1528","1":"product","2":"type-product","3":"status-publish","4":"has-post-thumbnail","6":"product_cat-zanety","7":"product_cat-bez-kategorii","8":"product_tag-ecosfishing123","9":"desktop-align-center","10":"tablet-align-left","11":"mobile-align-left","13":"first","14":"instock","15":"taxable","16":"shipping-taxable","17":"purchasable","18":"product-type-simple"},"_links":{"self":[{"href":"https:\/\/ecoo.webstyl.pl\/index.php?rest_route=\/wp\/v2\/product\/1528","targetHints":{"allow":["GET"]}}],"collection":[{"href":"https:\/\/ecoo.webstyl.pl\/index.php?rest_route=\/wp\/v2\/product"}],"about":[{"href":"https:\/\/ecoo.webstyl.pl\/index.php?rest_route=\/wp\/v2\/types\/product"}],"wp:featuredmedia":[{"embeddable":true,"href":"https:\/\/ecoo.webstyl.pl\/index.php?rest_route=\/wp\/v2\/media\/1079"}],"wp:attachment":[{"href":"https:\/\/ecoo.webstyl.pl\/index.php?rest_route=%2Fwp%2Fv2%2Fmedia&parent=1528"}],"wp:term":[{"taxonomy":"product_brand","embeddable":true,"href":"https:\/\/ecoo.webstyl.pl\/index.php?rest_route=%2Fwp%2Fv2%2Fproduct_brand&post=1528"},{"taxonomy":"product_cat","embeddable":true,"href":"https:\/\/ecoo.webstyl.pl\/index.php?rest_route=%2Fwp%2Fv2%2Fproduct_cat&post=1528"},{"taxonomy":"product_tag","embeddable":true,"href":"https:\/\/ecoo.webstyl.pl\/index.php?rest_route=%2Fwp%2Fv2%2Fproduct_tag&post=1528"}],"curies":[{"name":"wp","href":"https:\/\/api.w.org\/{rel}","templated":true}]}}