{"id":346,"date":"2023-01-09T10:14:18","date_gmt":"2023-01-09T10:14:18","guid":{"rendered":"http:\/\/expertfishing.pl\/?page_id=346"},"modified":"2023-01-09T10:16:50","modified_gmt":"2023-01-09T10:16:50","slug":"zwroty-i-reklamacje","status":"publish","type":"page","link":"https:\/\/ecoo.webstyl.pl\/?page_id=346","title":{"rendered":"Zwroty i reklamacje"},"content":{"rendered":"\t\t<div data-elementor-type=\"wp-page\" data-elementor-id=\"346\" class=\"elementor elementor-346\">\n\t\t\t\t\t\t<section class=\"elementor-section elementor-top-section elementor-element elementor-element-d39b800 elementor-section-boxed elementor-section-height-default elementor-section-height-default\" data-id=\"d39b800\" data-element_type=\"section\">\n\t\t\t\t\t\t<div class=\"elementor-container elementor-column-gap-default\">\n\t\t\t\t\t<div class=\"elementor-column elementor-col-100 elementor-top-column elementor-element elementor-element-e157a0c\" data-id=\"e157a0c\" data-element_type=\"column\">\n\t\t\t<div class=\"elementor-widget-wrap elementor-element-populated\">\n\t\t\t\t\t\t<div class=\"elementor-element elementor-element-0ee25c7 elementor-widget elementor-widget-text-editor\" data-id=\"0ee25c7\" data-element_type=\"widget\" data-widget_type=\"text-editor.default\">\n\t\t\t\t<div class=\"elementor-widget-container\">\n\t\t\t\t\t\t\t\t\t<h4>Reklamacje<\/h4>\n<p>1. Towary mog\u0105 by\u0107 obj\u0119te gwarancj\u0105 producenta lub dystrybutora. Szczeg\u00f3\u0142owe warunki gwarancji i czas jej trwania podawane s\u0105 w karcie gwarancyjnej wystawionej przez gwaranta.<br>2. Je\u017celi otrzymany towar jest wadliwy, Klient mo\u017ce skorzysta\u0107, wed\u0142ug swojego wyboru, z uprawnie\u0144 gwarancyjnych bezpo\u015brednio u gwaranta (producenta lub dystrybutora) we wskazanych serwisach oraz z uprawnie\u0144 przys\u0142uguj\u0105cych mu od sprzedawcy z tytu\u0142u niezgodno\u015bci towaru z umow\u0105. Uprawnienia<br>gwarancyjne i uprawnienia przys\u0142uguj\u0105ce Klientowi od sprzedawcy z tytu\u0142u niezgodno\u015bci towaru z umow\u0105 s\u0105 uprawnieniami od siebie niezale\u017cnymi.<br>3. W przypadku stwierdzenia niezgodno\u015bci towaru z umow\u0105 Klientowi przys\u0142uguje prawo do z\u0142o\u017cenia reklamacji w Sklepie. Uprawnienie to przys\u0142uguje w ci\u0105gu 2 (dw\u00f3ch) lat od daty dor\u0119czenia towaru, pod warunkiem zawiadomienia Sklepu o niezgodno\u015bci w ci\u0105gu 2 (dw\u00f3ch) miesi\u0119cy od jej wykrycia. W takim przypadku Klient powinien odes\u0142a\u0107 towar na adres Sklepu.<br>4. Do odsy\u0142anego towaru nale\u017cy do\u0142\u0105czy\u0107 dow\u00f3d zakupu z opisem reklamacji (wz\u00f3r do pobrania na stronie sklepu).<br>5. Sklep, niezw\u0142ocznie jednak najp\u00f3\u017aniej w ci\u0105gu 14 dni od daty otrzymania przesy\u0142ki z reklamowanym towarem, ustosunkuje si\u0119 do z\u0142o\u017conej reklamacji i poinformuje Klienta o dalszym post\u0119powaniu.<br>6. W przypadku uznania reklamacji, towar uszkodzony zostanie naprawiony lub wymieniony na inny, pe\u0142nowarto\u015bciowy. Je\u015bli nie b\u0119dzie to mo\u017cliwe Sklep zwr\u00f3ci Klientowi r\u00f3wnowarto\u015b\u0107 ceny towaru. Koszty zwi\u0105zane z odes\u0142aniem towaru reklamowanego Sklep zwraca po pozytywnym rozpatrzeniu reklamacji.<\/p>\n<p>6. Sklep dokonuje zwrotu nale\u017cno\u015bci za zwr\u00f3cony towar w ci\u0105gu 7 (siedmiu) dni roboczych.<\/p>\n<p>VIII. Zwrot nale\u017cno\u015bci Klientom. Nadp\u0142aty.<br>1. W przypadku zaistnienia okoliczno\u015bci zobowi\u0105zuj\u0105cych Sklep do zwrotu nale\u017cno\u015bci wp\u0142aconych przez Klienta na konto Sklepu, zwrot ten nast\u0119puje maksymalnie w ci\u0105gu 7 dni roboczych.<br>2. Je\u017celi Klient dokona\u0142 p\u0142atno\u015bci przelewem zwrot nale\u017cno\u015bci nast\u0119puje na rachunek bankowy, z kt\u00f3rego nast\u0105pi\u0142a p\u0142atno\u015b\u0107 lub inne konto o ile zosta\u0142o wskazane przez Klienta.<\/p>\n<h4>Odst\u0105pienie od umowy<\/h4>\n<p>1. Zgodnie z ustaw\u0105 z 2 marca 2000 roku \u201eO ochronie niekt\u00f3rych praw konsument\u00f3w oraz o odpowiedzialno\u015bci za szkod\u0119 wyrz\u0105dzon\u0105 przez produkt niebezpieczny\u201d Klient b\u0119d\u0105cy osob\u0105 fizyczn\u0105, dokonuj\u0105cy zakupu w celu niezwi\u0105zanym z dzia\u0142alno\u015bci\u0105 zawodow\u0105 lub gospodarcz\u0105, mo\u017ce odst\u0105pi\u0107 od umowy bez podania przyczyny w ci\u0105gu 14 dni od daty odebrania przesy\u0142ki.<br>2. Klient powinien z\u0142o\u017cy\u0107 o\u015bwiadczenie o odst\u0105pieniu od umowy oraz dokona\u0107 zwrotu towaru do Sklepu.<br>3. Zwracane towary musz\u0105 by\u0107 kompletne. Towary powinny by\u0107 zwr\u00f3cone w stanie niezmienionym chyba, \u017ce zmiana by\u0142a konieczna w granicach zwyk\u0142ego zarz\u0105du, tj. Klient powinien post\u0119powa\u0107 z towarem maj\u0105c na uwadze, konieczno\u015b\u0107 jego ewentualnego, p\u00f3\u017aniejszego zwrotu.<br>4. Zwracany towar nale\u017cy odes\u0142a\u0107 najp\u00f3\u017aniej w ci\u0105gu 14 dni od odst\u0105pienia od umowy wraz z o\u015bwiadczeniem o zwrocie (wz\u00f3r o\u015bwiadczenia na stronie Sklepu)<br>5. Koszt odes\u0142ania towaru nie podlega zwrotowi.<br>6. Sklep dokonuje zwrotu nale\u017cno\u015bci za zwr\u00f3cony towar w ci\u0105gu 7 (siedmiu) dni roboczych.<\/p>\n<p>VIII. Zwrot nale\u017cno\u015bci Klientom. Nadp\u0142aty.<br>1. W przypadku zaistnienia okoliczno\u015bci zobowi\u0105zuj\u0105cych Sklep do zwrotu nale\u017cno\u015bci wp\u0142aconych przez Klienta na konto Sklepu, zwrot ten nast\u0119puje maksymalnie w ci\u0105gu 7 dni roboczych.<br>2. Je\u017celi Klient dokona\u0142 p\u0142atno\u015bci przelewem zwrot nale\u017cno\u015bci nast\u0119puje na rachunek bankowy, z kt\u00f3rego nast\u0105pi\u0142a p\u0142atno\u015b\u0107 lub inne konto o ile zosta\u0142o wskazane przez Klienta.<\/p>\n<h4>Wymiana<\/h4>\n<div>Aby wymieni\u0107 produkt musisz odes\u0142a\u0107 poprzednie zam\u00f3wienie i z\u0142o\u017cy\u0107 nowe. Nie stosujemy przeksi\u0119gowania z jednego zam\u00f3wienia na drugie.&nbsp;<\/div>\n<div>&nbsp;<\/div>\n<div>&nbsp;Je\u015bli potrzebujesz pomocy napisz do nas na: sklep@expertfishing.pl<\/div>\t\t\t\t\t\t\t\t<\/div>\n\t\t\t\t<\/div>\n\t\t\t\t\t<\/div>\n\t\t<\/div>\n\t\t\t\t\t<\/div>\n\t\t<\/section>\n\t\t\t\t<\/div>\n\t\t","protected":false},"excerpt":{"rendered":"<p>Reklamacje 1. Towary mog\u0105 by\u0107 obj\u0119te gwarancj\u0105 producenta lub dystrybutora. Szczeg\u00f3\u0142owe warunki gwarancji i czas jej trwania podawane s\u0105 w karcie gwarancyjnej wystawionej przez gwaranta.2. Je\u017celi otrzymany towar jest wadliwy, Klient mo\u017ce skorzysta\u0107, wed\u0142ug swojego wyboru, z uprawnie\u0144 gwarancyjnych bezpo\u015brednio u gwaranta (producenta lub dystrybutora) we wskazanych serwisach oraz z uprawnie\u0144 przys\u0142uguj\u0105cych mu od sprzedawcy [&hellip;]<\/p>\n","protected":false},"author":1,"featured_media":0,"parent":0,"menu_order":0,"comment_status":"closed","ping_status":"closed","template":"","meta":{"site-sidebar-layout":"no-sidebar","site-content-layout":"page-builder","ast-site-content-layout":"","site-content-style":"default","site-sidebar-style":"default","ast-global-header-display":"","ast-banner-title-visibility":"","ast-main-header-display":"","ast-hfb-above-header-display":"","ast-hfb-below-header-display":"","ast-hfb-mobile-header-display":"","site-post-title":"disabled","ast-breadcrumbs-content":"","ast-featured-img":"disabled","footer-sml-layout":"","theme-transparent-header-meta":"","adv-header-id-meta":"","stick-header-meta":"","header-above-stick-meta":"","header-main-stick-meta":"","header-below-stick-meta":"","astra-migrate-meta-layouts":"default","ast-page-background-enabled":"default","ast-page-background-meta":{"desktop":{"background-color":"var(--ast-global-color-4)","background-image":"","background-repeat":"repeat","background-position":"center center","background-size":"auto","background-attachment":"scroll","background-type":"","background-media":"","overlay-type":"","overlay-color":"","overlay-opacity":"","overlay-gradient":""},"tablet":{"background-color":"","background-image":"","background-repeat":"repeat","background-position":"center center","background-size":"auto","background-attachment":"scroll","background-type":"","background-media":"","overlay-type":"","overlay-color":"","overlay-opacity":"","overlay-gradient":""},"mobile":{"background-color":"","background-image":"","background-repeat":"repeat","background-position":"center center","background-size":"auto","background-attachment":"scroll","background-type":"","background-media":"","overlay-type":"","overlay-color":"","overlay-opacity":"","overlay-gradient":""}},"ast-content-background-meta":{"desktop":{"background-color":"var(--ast-global-color-5)","background-image":"","background-repeat":"repeat","background-position":"center center","background-size":"auto","background-attachment":"scroll","background-type":"","background-media":"","overlay-type":"","overlay-color":"","overlay-opacity":"","overlay-gradient":""},"tablet":{"background-color":"var(--ast-global-color-5)","background-image":"","background-repeat":"repeat","background-position":"center center","background-size":"auto","background-attachment":"scroll","background-type":"","background-media":"","overlay-type":"","overlay-color":"","overlay-opacity":"","overlay-gradient":""},"mobile":{"background-color":"var(--ast-global-color-5)","background-image":"","background-repeat":"repeat","background-position":"center center","background-size":"auto","background-attachment":"scroll","background-type":"","background-media":"","overlay-type":"","overlay-color":"","overlay-opacity":"","overlay-gradient":""}},"footnotes":""},"class_list":["post-346","page","type-page","status-publish","hentry"],"_links":{"self":[{"href":"https:\/\/ecoo.webstyl.pl\/index.php?rest_route=\/wp\/v2\/pages\/346","targetHints":{"allow":["GET"]}}],"collection":[{"href":"https:\/\/ecoo.webstyl.pl\/index.php?rest_route=\/wp\/v2\/pages"}],"about":[{"href":"https:\/\/ecoo.webstyl.pl\/index.php?rest_route=\/wp\/v2\/types\/page"}],"author":[{"embeddable":true,"href":"https:\/\/ecoo.webstyl.pl\/index.php?rest_route=\/wp\/v2\/users\/1"}],"replies":[{"embeddable":true,"href":"https:\/\/ecoo.webstyl.pl\/index.php?rest_route=%2Fwp%2Fv2%2Fcomments&post=346"}],"version-history":[{"count":0,"href":"https:\/\/ecoo.webstyl.pl\/index.php?rest_route=\/wp\/v2\/pages\/346\/revisions"}],"wp:attachment":[{"href":"https:\/\/ecoo.webstyl.pl\/index.php?rest_route=%2Fwp%2Fv2%2Fmedia&parent=346"}],"curies":[{"name":"wp","href":"https:\/\/api.w.org\/{rel}","templated":true}]}}