{"id":337,"date":"2023-01-09T10:08:51","date_gmt":"2023-01-09T10:08:51","guid":{"rendered":"http:\/\/expertfishing.pl\/?page_id=337"},"modified":"2025-01-28T12:22:00","modified_gmt":"2025-01-28T12:22:00","slug":"dostawa-i-koszty","status":"publish","type":"page","link":"https:\/\/ecoo.webstyl.pl\/?page_id=337","title":{"rendered":"Dostawa i koszty"},"content":{"rendered":"\t\t<div data-elementor-type=\"wp-page\" data-elementor-id=\"337\" class=\"elementor elementor-337\">\n\t\t\t\t\t\t<section class=\"elementor-section elementor-top-section elementor-element elementor-element-01e07c6 elementor-section-boxed elementor-section-height-default elementor-section-height-default\" data-id=\"01e07c6\" data-element_type=\"section\">\n\t\t\t\t\t\t<div class=\"elementor-container elementor-column-gap-default\">\n\t\t\t\t\t<div class=\"elementor-column elementor-col-100 elementor-top-column elementor-element elementor-element-b5ad493\" data-id=\"b5ad493\" data-element_type=\"column\">\n\t\t\t<div class=\"elementor-widget-wrap elementor-element-populated\">\n\t\t\t\t\t\t<div class=\"elementor-element elementor-element-2943482 elementor-widget elementor-widget-text-editor\" data-id=\"2943482\" data-element_type=\"widget\" data-widget_type=\"text-editor.default\">\n\t\t\t\t<div class=\"elementor-widget-container\">\n\t\t\t\t\t\t\t\t\t<h4>Czas realizacji zam\u00f3wienia<\/h4><p>Natychmiast po z\u0142o\u017ceniu przez Ciebie zam\u00f3wienia otrzymasz e-mail z potwierdzeniem z\u0142o\u017conego zam\u00f3wienia i linkiem, w kt\u00f3ry nale\u017cy klikn\u0105\u0107. Po otrzymaniu akceptacji zam\u00f3wienia rozpoczynamy jego realizacj\u0119, a Ty b\u0119dziesz na bie\u017c\u0105co informowany o post\u0119pie naszych prac.<\/p><p><strong>Termin otrzymania paczki = termin wysy\u0142ki + czas dostawy<\/strong><\/p><p>Termin wysy\u0142ki wynika z\u00a0<strong>dost\u0119pno\u015bci produkt\u00f3w<\/strong>\u00a0i wybranej\u00a0<strong>formy p\u0142atno\u015bci<\/strong>, podczas gdy czas dostawy zale\u017cy od wybranej przez Ciebie\u00a0<strong>formy dostawy<\/strong>.<\/p><h4>Dost\u0119pno\u015b\u0107 produkt\u00f3w<\/h4><p>Przy ka\u017cdym produkcie jest podany termin, kt\u00f3ry opisuje, kiedy produkty mog\u0105 zosta\u0107 przez nas wys\u0142ane . Dok\u0142adamy wszelkich stara\u0144, aby oferta prezentowana na stronie odpowiada\u0142a realnym stanom magazynowym, mo\u017ce si\u0119 jednak zdarzy\u0107, \u017ce faktyczny czas dostawy si\u0119 przed\u0142u\u017cy \u2013 poinformujemy o tym niezw\u0142ocznie.<\/p><p>Je\u017celi zamawiasz wi\u0119ksz\u0105 liczb\u0119 produkt\u00f3w, czas wysy\u0142ki ca\u0142ego zam\u00f3wienia jest dopasowany do produktu o najd\u0142u\u017cszym czasie wysy\u0142ki.\u00a0Mo\u017cna zrealizowa\u0107 zam\u00f3wienie etapami \u2013 w tym celu skontaktuj si\u0119 z nami lub wpisz odpowiedni\u0105 adnotacj\u0119 w uwagach do zam\u00f3wienia.<\/p><h4>Forma p\u0142atno\u015bci<\/h4><p><strong>P\u0142atno\u015b\u0107 przelewem<\/strong>\u00a0\u2013 czas realizacji zam\u00f3wienia jest uzale\u017cniony od momentu zaksi\u0119gowania wp\u0142aty. W zale\u017cno\u015bci od banku standardowo trwa to do dw\u00f3ch dni roboczych.<\/p><h4>Forma dostawy<\/h4><p>Firma kurierska umo\u017cliwia dostarczenie zam\u00f3wienia zazwyczaj w 1-2 dni robocze od nadania.<\/p>\t\t\t\t\t\t\t\t<\/div>\n\t\t\t\t<\/div>\n\t\t\t\t<div class=\"elementor-element elementor-element-b58160d elementor-widget elementor-widget-text-editor\" data-id=\"b58160d\" data-element_type=\"widget\" data-widget_type=\"text-editor.default\">\n\t\t\t\t<div class=\"elementor-widget-container\">\n\t\t\t\t\t\t\t\t\t<table class=\"table table-bordered table-sm table-striped\">\n<tbody>\n<tr>\n<td><strong>Przewo\u017anik<\/strong><\/td>\n<td><strong>Czas dostawy<\/strong><\/td>\n<td><strong>Koszt wysy\u0142ki<\/strong><\/td>\n<td><strong>Rodzaj p\u0142atno\u015bci<\/strong><\/td>\n<\/tr>\n<tr>\n<td>Kurier P\u0142atne z G\u00f3ry<\/td>\n<td>2 dni<\/td>\n<td>26,00 z\u0142<\/td>\n<td>przedp\u0142ata<\/td>\n<\/tr>\n<tr>\n<td>Kurier Pobranie&nbsp;<\/td>\n<td>2 dni<\/td>\n<td>32,00 z\u0142<\/td>\n<td>pobranie<\/td>\n<\/tr>\n<tr>\n<td><br><\/td><td><\/td><td><\/td><td><br><\/td>\n<\/tr>\n<\/tbody>\n<\/table>\t\t\t\t\t\t\t\t<\/div>\n\t\t\t\t<\/div>\n\t\t\t\t\t<\/div>\n\t\t<\/div>\n\t\t\t\t\t<\/div>\n\t\t<\/section>\n\t\t\t\t<\/div>\n\t\t","protected":false},"excerpt":{"rendered":"<p>Czas realizacji zam\u00f3wienia Natychmiast po z\u0142o\u017ceniu przez Ciebie zam\u00f3wienia otrzymasz e-mail z potwierdzeniem z\u0142o\u017conego zam\u00f3wienia i linkiem, w kt\u00f3ry nale\u017cy klikn\u0105\u0107. Po otrzymaniu akceptacji zam\u00f3wienia rozpoczynamy jego realizacj\u0119, a Ty b\u0119dziesz na bie\u017c\u0105co informowany o post\u0119pie naszych prac. Termin otrzymania paczki = termin wysy\u0142ki + czas dostawy Termin wysy\u0142ki wynika z\u00a0dost\u0119pno\u015bci produkt\u00f3w\u00a0i wybranej\u00a0formy p\u0142atno\u015bci, podczas [&hellip;]<\/p>\n","protected":false},"author":1,"featured_media":0,"parent":0,"menu_order":0,"comment_status":"closed","ping_status":"closed","template":"","meta":{"site-sidebar-layout":"no-sidebar","site-content-layout":"page-builder","ast-site-content-layout":"","site-content-style":"default","site-sidebar-style":"default","ast-global-header-display":"","ast-banner-title-visibility":"","ast-main-header-display":"","ast-hfb-above-header-display":"","ast-hfb-below-header-display":"","ast-hfb-mobile-header-display":"","site-post-title":"disabled","ast-breadcrumbs-content":"","ast-featured-img":"disabled","footer-sml-layout":"","theme-transparent-header-meta":"","adv-header-id-meta":"","stick-header-meta":"","header-above-stick-meta":"","header-main-stick-meta":"","header-below-stick-meta":"","astra-migrate-meta-layouts":"default","ast-page-background-enabled":"default","ast-page-background-meta":{"desktop":{"background-color":"var(--ast-global-color-4)","background-image":"","background-repeat":"repeat","background-position":"center center","background-size":"auto","background-attachment":"scroll","background-type":"","background-media":"","overlay-type":"","overlay-color":"","overlay-opacity":"","overlay-gradient":""},"tablet":{"background-color":"","background-image":"","background-repeat":"repeat","background-position":"center center","background-size":"auto","background-attachment":"scroll","background-type":"","background-media":"","overlay-type":"","overlay-color":"","overlay-opacity":"","overlay-gradient":""},"mobile":{"background-color":"","background-image":"","background-repeat":"repeat","background-position":"center center","background-size":"auto","background-attachment":"scroll","background-type":"","background-media":"","overlay-type":"","overlay-color":"","overlay-opacity":"","overlay-gradient":""}},"ast-content-background-meta":{"desktop":{"background-color":"var(--ast-global-color-5)","background-image":"","background-repeat":"repeat","background-position":"center center","background-size":"auto","background-attachment":"scroll","background-type":"","background-media":"","overlay-type":"","overlay-color":"","overlay-opacity":"","overlay-gradient":""},"tablet":{"background-color":"var(--ast-global-color-5)","background-image":"","background-repeat":"repeat","background-position":"center center","background-size":"auto","background-attachment":"scroll","background-type":"","background-media":"","overlay-type":"","overlay-color":"","overlay-opacity":"","overlay-gradient":""},"mobile":{"background-color":"var(--ast-global-color-5)","background-image":"","background-repeat":"repeat","background-position":"center center","background-size":"auto","background-attachment":"scroll","background-type":"","background-media":"","overlay-type":"","overlay-color":"","overlay-opacity":"","overlay-gradient":""}},"footnotes":""},"class_list":["post-337","page","type-page","status-publish","hentry"],"_links":{"self":[{"href":"https:\/\/ecoo.webstyl.pl\/index.php?rest_route=\/wp\/v2\/pages\/337","targetHints":{"allow":["GET"]}}],"collection":[{"href":"https:\/\/ecoo.webstyl.pl\/index.php?rest_route=\/wp\/v2\/pages"}],"about":[{"href":"https:\/\/ecoo.webstyl.pl\/index.php?rest_route=\/wp\/v2\/types\/page"}],"author":[{"embeddable":true,"href":"https:\/\/ecoo.webstyl.pl\/index.php?rest_route=\/wp\/v2\/users\/1"}],"replies":[{"embeddable":true,"href":"https:\/\/ecoo.webstyl.pl\/index.php?rest_route=%2Fwp%2Fv2%2Fcomments&post=337"}],"version-history":[{"count":0,"href":"https:\/\/ecoo.webstyl.pl\/index.php?rest_route=\/wp\/v2\/pages\/337\/revisions"}],"wp:attachment":[{"href":"https:\/\/ecoo.webstyl.pl\/index.php?rest_route=%2Fwp%2Fv2%2Fmedia&parent=337"}],"curies":[{"name":"wp","href":"https:\/\/api.w.org\/{rel}","templated":true}]}}